{"id":508,"date":"2025-12-16T12:31:18","date_gmt":"2025-12-16T12:31:18","guid":{"rendered":"https:\/\/alatabledujapon.com\/?page_id=508"},"modified":"2025-12-16T13:55:15","modified_gmt":"2025-12-16T13:55:15","slug":"politique-confidentitalite","status":"publish","type":"page","link":"https:\/\/alatabledujapon.com\/ja\/politique-confidentitalite\/","title":{"rendered":"POLITIQUE DE CONFIDENTIALIT\u00c9"},"content":{"rendered":"<div data-elementor-type=\"wp-page\" data-elementor-id=\"508\" class=\"elementor elementor-508\" data-elementor-post-type=\"page\">\n\t\t\t\t<div class=\"elementor-element elementor-element-e32ac7e e-con-full e-flex e-con e-parent\" data-id=\"e32ac7e\" data-element_type=\"container\" data-e-type=\"container\" data-settings=\"{&quot;background_background&quot;:&quot;classic&quot;}\">\n\t\t<div class=\"elementor-element elementor-element-b88b281 e-flex e-con-boxed e-con e-child\" data-id=\"b88b281\" data-element_type=\"container\" data-e-type=\"container\" data-settings=\"{&quot;background_background&quot;:&quot;classic&quot;}\">\n\t\t\t\t\t<div class=\"e-con-inner\">\n\t\t<div class=\"elementor-element elementor-element-3b90fcd e-con-full e-flex e-con e-child\" data-id=\"3b90fcd\" data-element_type=\"container\" data-e-type=\"container\">\n\t\t\t\t<div class=\"elementor-element elementor-element-4e7a28b elementor-widget elementor-widget-heading\" data-id=\"4e7a28b\" data-element_type=\"widget\" data-e-type=\"widget\" data-widget_type=\"heading.default\">\n\t\t\t\t\t<h1 class=\"elementor-heading-title elementor-size-default\">POLITIQUE DE CONFIDENTIALIT\u00c9<\/h1>\t\t\t\t<\/div>\n\t\t\t\t<div class=\"elementor-element elementor-element-332ff5c elementor-widget elementor-widget-text-editor\" data-id=\"332ff5c\" data-element_type=\"widget\" data-e-type=\"widget\" data-widget_type=\"text-editor.default\">\n\t\t\t\t\t\t\t\t\t<p>Consultez la politique de confidentialit\u00e9 pour comprendre comment nous collectons, utilisons et prot\u00e9geons vos donn\u00e9es personnelles.<\/p>\t\t\t\t\t\t\t\t<\/div>\n\t\t\t\t<\/div>\n\t\t\t\t\t<\/div>\n\t\t\t\t<\/div>\n\t\t\t\t<\/div>\n\t\t<div class=\"elementor-element elementor-element-11ecc0a e-flex e-con-boxed e-con e-parent\" data-id=\"11ecc0a\" data-element_type=\"container\" data-e-type=\"container\">\n\t\t\t\t\t<div class=\"e-con-inner\">\n\t\t\t\t<div class=\"elementor-element elementor-element-5fcc2e9 elementor-widget elementor-widget-heading\" data-id=\"5fcc2e9\" data-element_type=\"widget\" data-e-type=\"widget\" data-widget_type=\"heading.default\">\n\t\t\t\t\t<h2 class=\"elementor-heading-title elementor-size-default\">1. Responsable du traitement des donn\u00e9es :<\/h2>\t\t\t\t<\/div>\n\t\t\t\t<div class=\"elementor-element elementor-element-97712e0 elementor-widget elementor-widget-text-editor\" data-id=\"97712e0\" data-element_type=\"widget\" data-e-type=\"widget\" data-widget_type=\"text-editor.default\">\n\t\t\t\t\t\t\t\t\t<p>Pour les donn\u00e9es personnelles collect\u00e9es dans le cadre de la cr\u00e9ation du compte personnel de l\u2019utilisateur et de sa navigation sur le site, le responsable du traitement des donn\u00e9es personnelles est : \u00c0 LA TABLE DU JAPON repr\u00e9sent\u00e9 par TOUCHAIS ALICE, son repr\u00e9sentant l\u00e9gal.<\/p><p><a href=\"https:\/\/sushi-robots.eu\/\">Sushi Robots<\/a><br \/>Adresse : 21 rue Lavoisier 17139 Aytr\u00e9<br \/>Email : <a href=\"mailto:info@sushi-robots.eu\">info@sushi-robots.eu<\/a><br \/>T\u00e9l\u00e9phone : +33 5 16 07 39 09<\/p>\t\t\t\t\t\t\t\t<\/div>\n\t\t\t\t\t<\/div>\n\t\t\t\t<\/div>\n\t\t<div class=\"elementor-element elementor-element-fb1199e e-flex e-con-boxed e-con e-parent\" data-id=\"fb1199e\" data-element_type=\"container\" data-e-type=\"container\">\n\t\t\t\t\t<div class=\"e-con-inner\">\n\t\t\t\t<div class=\"elementor-element elementor-element-d6ec18d elementor-widget elementor-widget-heading\" data-id=\"d6ec18d\" data-element_type=\"widget\" data-e-type=\"widget\" data-widget_type=\"heading.default\">\n\t\t\t\t\t<h2 class=\"elementor-heading-title elementor-size-default\">2. Donn\u00e9es collect\u00e9es :<\/h2>\t\t\t\t<\/div>\n\t\t\t\t<div class=\"elementor-element elementor-element-ffc8bfa elementor-widget elementor-widget-text-editor\" data-id=\"ffc8bfa\" data-element_type=\"widget\" data-e-type=\"widget\" data-widget_type=\"text-editor.default\">\n\t\t\t\t\t\t\t\t\t<p>Lors de votre navigation sur le site ou de votre inscription au salon, nous collectons :<br \/><br \/>Nom et pr\u00e9nom<br \/>Adresse e-mail<br \/>Num\u00e9ro de t\u00e9l\u00e9phone<br \/>Informations li\u00e9es \u00e0 l\u2019inscription ou \u00e0 la billetterie (quantit\u00e9 de billets, cat\u00e9gories, historique d\u2019achat)<br \/>Adresse de facturation et informations n\u00e9cessaires pour la facturation (pour les participants professionnels ou achats group\u00e9s)<br \/>Donn\u00e9es de navigation sur le site (cookies, statistiques, pr\u00e9f\u00e9rences)<\/p><p>Les donn\u00e9es bancaires compl\u00e8tes ne sont jamais stock\u00e9es sur notre site. Elles sont g\u00e9r\u00e9es uniquement par le prestataire de paiement s\u00e9curis\u00e9 utilis\u00e9 pour la billetterie (ex. Odoo, Stripe, PayPal).<\/p>\t\t\t\t\t\t\t\t<\/div>\n\t\t\t\t\t<\/div>\n\t\t\t\t<\/div>\n\t\t<div class=\"elementor-element elementor-element-b7b6768 e-flex e-con-boxed e-con e-parent\" data-id=\"b7b6768\" data-element_type=\"container\" data-e-type=\"container\">\n\t\t\t\t\t<div class=\"e-con-inner\">\n\t\t\t\t<div class=\"elementor-element elementor-element-dd6c8d7 elementor-widget elementor-widget-heading\" data-id=\"dd6c8d7\" data-element_type=\"widget\" data-e-type=\"widget\" data-widget_type=\"heading.default\">\n\t\t\t\t\t<h2 class=\"elementor-heading-title elementor-size-default\">3. Finalit\u00e9 du traitement :<\/h2>\t\t\t\t<\/div>\n\t\t\t\t<div class=\"elementor-element elementor-element-1045d0f elementor-widget elementor-widget-text-editor\" data-id=\"1045d0f\" data-element_type=\"widget\" data-e-type=\"widget\" data-widget_type=\"text-editor.default\">\n\t\t\t\t\t\t\t\t\t<p>Les donn\u00e9es personnelles sont utilis\u00e9es pour :<br \/>Traiter les inscriptions et achats de billets en ligne<br \/>Envoyer les billets et confirmations d\u2019inscription<br \/>G\u00e9rer les remboursements ou modifications si n\u00e9cessaire<br \/>Communiquer des informations relatives au salon<br \/>Am\u00e9liorer l\u2019exp\u00e9rience utilisateur sur le site<br \/>Analyser les statistiques de fr\u00e9quentation du site<\/p>\t\t\t\t\t\t\t\t<\/div>\n\t\t\t\t\t<\/div>\n\t\t\t\t<\/div>\n\t\t<div class=\"elementor-element elementor-element-6c3e2ee e-flex e-con-boxed e-con e-parent\" data-id=\"6c3e2ee\" data-element_type=\"container\" data-e-type=\"container\">\n\t\t\t\t\t<div class=\"e-con-inner\">\n\t\t\t\t<div class=\"elementor-element elementor-element-a4eadfb elementor-widget elementor-widget-heading\" data-id=\"a4eadfb\" data-element_type=\"widget\" data-e-type=\"widget\" data-widget_type=\"heading.default\">\n\t\t\t\t\t<h2 class=\"elementor-heading-title elementor-size-default\">4. Partage des donn\u00e9es :<\/h2>\t\t\t\t<\/div>\n\t\t\t\t<div class=\"elementor-element elementor-element-78fa0b6 elementor-widget elementor-widget-text-editor\" data-id=\"78fa0b6\" data-element_type=\"widget\" data-e-type=\"widget\" data-widget_type=\"text-editor.default\">\n\t\t\t\t\t\t\t\t\t<p>Vos donn\u00e9es ne sont pas vendues \u00e0 des tiers. Elles peuvent \u00eatre partag\u00e9es uniquement avec :<br \/>Les prestataires de billetterie et de paiement (Odoo, Stripe, PayPal, etc.)<br \/>Les partenaires techniques li\u00e9s \u00e0 l\u2019organisation du salon<br \/>Les autorit\u00e9s l\u00e9gales si la loi l\u2019exige.<\/p>\t\t\t\t\t\t\t\t<\/div>\n\t\t\t\t\t<\/div>\n\t\t\t\t<\/div>\n\t\t<div class=\"elementor-element elementor-element-a1f2550 e-flex e-con-boxed e-con e-parent\" data-id=\"a1f2550\" data-element_type=\"container\" data-e-type=\"container\">\n\t\t\t\t\t<div class=\"e-con-inner\">\n\t\t\t\t<div class=\"elementor-element elementor-element-4da4ddb elementor-widget elementor-widget-heading\" data-id=\"4da4ddb\" data-element_type=\"widget\" data-e-type=\"widget\" data-widget_type=\"heading.default\">\n\t\t\t\t\t<h2 class=\"elementor-heading-title elementor-size-default\">5. Dur\u00e9e de conservation<\/h2>\t\t\t\t<\/div>\n\t\t\t\t<div class=\"elementor-element elementor-element-e48ce21 elementor-widget elementor-widget-text-editor\" data-id=\"e48ce21\" data-element_type=\"widget\" data-e-type=\"widget\" data-widget_type=\"text-editor.default\">\n\t\t\t\t\t\t\t\t\t<p>Les informations li\u00e9es \u00e0 la billetterie et \u00e0 la facturation peuvent \u00eatre conserv\u00e9es jusqu\u2019\u00e0 10 ans pour des raisons l\u00e9gales et comptables.<br \/>Les informations marketing (newsletter, promotions) sont conserv\u00e9es 3 ans apr\u00e8s le dernier contact.<br \/>Les informations de navigation (cookies, statistiques) sont conserv\u00e9es selon la dur\u00e9e d\u00e9finie par les outils utilis\u00e9s (ex. Axeptio).<\/p>\t\t\t\t\t\t\t\t<\/div>\n\t\t\t\t\t<\/div>\n\t\t\t\t<\/div>\n\t\t<div class=\"elementor-element elementor-element-012a9ef e-flex e-con-boxed e-con e-parent\" data-id=\"012a9ef\" data-element_type=\"container\" data-e-type=\"container\">\n\t\t\t\t\t<div class=\"e-con-inner\">\n\t\t\t\t<div class=\"elementor-element elementor-element-7961219 elementor-widget elementor-widget-heading\" data-id=\"7961219\" data-element_type=\"widget\" data-e-type=\"widget\" data-widget_type=\"heading.default\">\n\t\t\t\t\t<h2 class=\"elementor-heading-title elementor-size-default\">6. Vos droits<\/h2>\t\t\t\t<\/div>\n\t\t\t\t<div class=\"elementor-element elementor-element-78392a0 elementor-widget elementor-widget-text-editor\" data-id=\"78392a0\" data-element_type=\"widget\" data-e-type=\"widget\" data-widget_type=\"text-editor.default\">\n\t\t\t\t\t\t\t\t\t<p>Conform\u00e9ment au RGPD, vous disposez :<br \/>Du droit d\u2019acc\u00e8s \u00e0 vos donn\u00e9es<br \/>Du droit de rectification ou de suppression<br \/>Du droit \u00e0 la limitation du traitement<br \/>Du droit \u00e0 la portabilit\u00e9<br \/>Du droit d\u2019opposition au traitement<br \/>Pour exercer vos droits, contactez-nous \u00e0 : <a href=\"mailto:info@alatabledujapon.com\">info@alatabledujapon.com<\/a><\/p>\t\t\t\t\t\t\t\t<\/div>\n\t\t\t\t\t<\/div>\n\t\t\t\t<\/div>\n\t\t<div class=\"elementor-element elementor-element-fe65b08 e-flex e-con-boxed e-con e-parent\" data-id=\"fe65b08\" data-element_type=\"container\" data-e-type=\"container\">\n\t\t\t\t\t<div class=\"e-con-inner\">\n\t\t\t\t<div class=\"elementor-element elementor-element-91b662b elementor-widget elementor-widget-heading\" data-id=\"91b662b\" data-element_type=\"widget\" data-e-type=\"widget\" data-widget_type=\"heading.default\">\n\t\t\t\t\t<h2 class=\"elementor-heading-title elementor-size-default\">7. Cookies et suivi<\/h2>\t\t\t\t<\/div>\n\t\t\t\t<div class=\"elementor-element elementor-element-e1e6d11 elementor-widget elementor-widget-text-editor\" data-id=\"e1e6d11\" data-element_type=\"widget\" data-e-type=\"widget\" data-widget_type=\"text-editor.default\">\n\t\t\t\t\t\t\t\t\t<p>Le site utilise Axeptio pour g\u00e9rer le consentement aux cookies et suivre les pr\u00e9f\u00e9rences des visiteurs.<br \/>Les cookies permettent :<br \/>D\u2019am\u00e9liorer l\u2019exp\u00e9rience utilisateur<br \/>De r\u00e9aliser des statistiques de fr\u00e9quentation<br \/>D\u2019assurer le fonctionnement de la billetterie en ligne<br \/>Vous pouvez \u00e0 tout moment modifier vos choix via le bandeau Axeptio.<\/p>\t\t\t\t\t\t\t\t<\/div>\n\t\t\t\t\t<\/div>\n\t\t\t\t<\/div>\n\t\t<div class=\"elementor-element elementor-element-ed63e35 e-flex e-con-boxed e-con e-parent\" data-id=\"ed63e35\" data-element_type=\"container\" data-e-type=\"container\">\n\t\t\t\t\t<div class=\"e-con-inner\">\n\t\t\t\t<div class=\"elementor-element elementor-element-3b46fc4 elementor-widget elementor-widget-heading\" data-id=\"3b46fc4\" data-element_type=\"widget\" data-e-type=\"widget\" data-widget_type=\"heading.default\">\n\t\t\t\t\t<h2 class=\"elementor-heading-title elementor-size-default\">8. S\u00e9curit\u00e9 des donn\u00e9es<\/h2>\t\t\t\t<\/div>\n\t\t\t\t<div class=\"elementor-element elementor-element-464a1f2 elementor-widget elementor-widget-text-editor\" data-id=\"464a1f2\" data-element_type=\"widget\" data-e-type=\"widget\" data-widget_type=\"text-editor.default\">\n\t\t\t\t\t\t\t\t\t<p>Nous mettons en \u0153uvre des mesures techniques et organisationnelles pour prot\u00e9ger vos donn\u00e9es contre tout acc\u00e8s non autoris\u00e9, perte ou divulgation.<\/p>\t\t\t\t\t\t\t\t<\/div>\n\t\t\t\t\t<\/div>\n\t\t\t\t<\/div>\n\t\t\t\t<\/div>","protected":false},"excerpt":{"rendered":"<p>Consultez la politique de confidentialit\u00e9 pour comprendre comment nous collectons, utilisons et prot\u00e9geons vos donn\u00e9es personnelles.<\/p>","protected":false},"author":2,"featured_media":38,"parent":0,"menu_order":0,"comment_status":"closed","ping_status":"closed","template":"","meta":{"footnotes":""},"class_list":["post-508","page","type-page","status-publish","has-post-thumbnail","hentry"],"yoast_head":"<!-- This site is optimized with the Yoast SEO plugin v27.3 - https:\/\/yoast.com\/product\/yoast-seo-wordpress\/ -->\n<title>\u00c0 LA TABLE DU JAPON : Politique de confidentialit\u00e9<\/title>\n<meta name=\"description\" content=\"Consultez la politique de confidentialit\u00e9 pour comprendre comment nous collectons, utilisons et prot\u00e9geons vos donn\u00e9es personnelles.\" \/>\n<meta name=\"robots\" content=\"index, follow, max-snippet:-1, max-image-preview:large, max-video-preview:-1\" \/>\n<link rel=\"canonical\" href=\"https:\/\/alatabledujapon.com\/ja\/politique-confidentitalite\/\" \/>\n<meta property=\"og:locale\" content=\"ja_JP\" \/>\n<meta property=\"og:type\" content=\"article\" \/>\n<meta property=\"og:title\" content=\"\u00c0 LA TABLE DU JAPON : Politique de confidentialit\u00e9\" \/>\n<meta property=\"og:description\" content=\"Consultez la politique de confidentialit\u00e9 pour comprendre comment nous collectons, utilisons et prot\u00e9geons vos donn\u00e9es personnelles.\" \/>\n<meta property=\"og:url\" content=\"https:\/\/alatabledujapon.com\/ja\/politique-confidentitalite\/\" \/>\n<meta property=\"og:site_name\" content=\"\u00c0 la Table du Japon\" \/>\n<meta property=\"article:modified_time\" content=\"2025-12-16T13:55:15+00:00\" \/>\n<meta property=\"og:image\" content=\"https:\/\/alatabledujapon.com\/wp-content\/uploads\/2025\/08\/photo-fond-brochure-scaled.jpg\" \/>\n\t<meta property=\"og:image:width\" content=\"2560\" \/>\n\t<meta property=\"og:image:height\" content=\"1810\" \/>\n\t<meta property=\"og:image:type\" content=\"image\/jpeg\" \/>\n<meta name=\"twitter:card\" content=\"summary_large_image\" \/>\n<meta name=\"twitter:label1\" content=\"\u63a8\u5b9a\u8aad\u307f\u53d6\u308a\u6642\u9593\" \/>\n\t<meta name=\"twitter:data1\" content=\"3\u5206\" \/>\n<script type=\"application\/ld+json\" class=\"yoast-schema-graph\">{\"@context\":\"https:\\\/\\\/schema.org\",\"@graph\":[{\"@type\":\"WebPage\",\"@id\":\"https:\\\/\\\/alatabledujapon.com\\\/politique-confidentitalite\\\/\",\"url\":\"https:\\\/\\\/alatabledujapon.com\\\/politique-confidentitalite\\\/\",\"name\":\"\u00c0 LA TABLE DU JAPON : Politique de confidentialit\u00e9\",\"isPartOf\":{\"@id\":\"https:\\\/\\\/alatabledujapon.com\\\/#website\"},\"primaryImageOfPage\":{\"@id\":\"https:\\\/\\\/alatabledujapon.com\\\/politique-confidentitalite\\\/#primaryimage\"},\"image\":{\"@id\":\"https:\\\/\\\/alatabledujapon.com\\\/politique-confidentitalite\\\/#primaryimage\"},\"thumbnailUrl\":\"https:\\\/\\\/alatabledujapon.com\\\/wp-content\\\/uploads\\\/2025\\\/08\\\/photo-fond-brochure-scaled.jpg\",\"datePublished\":\"2025-12-16T12:31:18+00:00\",\"dateModified\":\"2025-12-16T13:55:15+00:00\",\"description\":\"Consultez la politique de confidentialit\u00e9 pour comprendre comment nous collectons, utilisons et prot\u00e9geons vos donn\u00e9es personnelles.\",\"breadcrumb\":{\"@id\":\"https:\\\/\\\/alatabledujapon.com\\\/politique-confidentitalite\\\/#breadcrumb\"},\"inLanguage\":\"ja\",\"potentialAction\":[{\"@type\":\"ReadAction\",\"target\":[\"https:\\\/\\\/alatabledujapon.com\\\/politique-confidentitalite\\\/\"]}]},{\"@type\":\"ImageObject\",\"inLanguage\":\"ja\",\"@id\":\"https:\\\/\\\/alatabledujapon.com\\\/politique-confidentitalite\\\/#primaryimage\",\"url\":\"https:\\\/\\\/alatabledujapon.com\\\/wp-content\\\/uploads\\\/2025\\\/08\\\/photo-fond-brochure-scaled.jpg\",\"contentUrl\":\"https:\\\/\\\/alatabledujapon.com\\\/wp-content\\\/uploads\\\/2025\\\/08\\\/photo-fond-brochure-scaled.jpg\",\"width\":2560,\"height\":1810,\"caption\":\"Photo fond page maintenance\"},{\"@type\":\"BreadcrumbList\",\"@id\":\"https:\\\/\\\/alatabledujapon.com\\\/politique-confidentitalite\\\/#breadcrumb\",\"itemListElement\":[{\"@type\":\"ListItem\",\"position\":1,\"name\":\"Accueil\",\"item\":\"https:\\\/\\\/alatabledujapon.com\\\/\"},{\"@type\":\"ListItem\",\"position\":2,\"name\":\"POLITIQUE DE CONFIDENTIALIT\u00c9\"}]},{\"@type\":\"WebSite\",\"@id\":\"https:\\\/\\\/alatabledujapon.com\\\/#website\",\"url\":\"https:\\\/\\\/alatabledujapon.com\\\/\",\"name\":\"\u00c0 la Table du Japon\",\"description\":\"\",\"publisher\":{\"@id\":\"https:\\\/\\\/alatabledujapon.com\\\/#organization\"},\"potentialAction\":[{\"@type\":\"SearchAction\",\"target\":{\"@type\":\"EntryPoint\",\"urlTemplate\":\"https:\\\/\\\/alatabledujapon.com\\\/?s={search_term_string}\"},\"query-input\":{\"@type\":\"PropertyValueSpecification\",\"valueRequired\":true,\"valueName\":\"search_term_string\"}}],\"inLanguage\":\"ja\"},{\"@type\":\"Organization\",\"@id\":\"https:\\\/\\\/alatabledujapon.com\\\/#organization\",\"name\":\"\u00c0 la Table du Japon\",\"url\":\"https:\\\/\\\/alatabledujapon.com\\\/\",\"logo\":{\"@type\":\"ImageObject\",\"inLanguage\":\"ja\",\"@id\":\"https:\\\/\\\/alatabledujapon.com\\\/#\\\/schema\\\/logo\\\/image\\\/\",\"url\":\"https:\\\/\\\/alatabledujapon.com\\\/wp-content\\\/uploads\\\/2025\\\/08\\\/logo-tabledujapon-home.png\",\"contentUrl\":\"https:\\\/\\\/alatabledujapon.com\\\/wp-content\\\/uploads\\\/2025\\\/08\\\/logo-tabledujapon-home.png\",\"width\":2069,\"height\":591,\"caption\":\"\u00c0 la Table du Japon\"},\"image\":{\"@id\":\"https:\\\/\\\/alatabledujapon.com\\\/#\\\/schema\\\/logo\\\/image\\\/\"}}]}<\/script>\n<!-- \/ Yoast SEO plugin. -->","yoast_head_json":{"title":"\u00c0 LA TABLE DU JAPON : Politique de confidentialit\u00e9","description":"Consultez la politique de confidentialit\u00e9 pour comprendre comment nous collectons, utilisons et prot\u00e9geons vos donn\u00e9es personnelles.","robots":{"index":"index","follow":"follow","max-snippet":"max-snippet:-1","max-image-preview":"max-image-preview:large","max-video-preview":"max-video-preview:-1"},"canonical":"https:\/\/alatabledujapon.com\/ja\/politique-confidentitalite\/","og_locale":"ja_JP","og_type":"article","og_title":"\u00c0 LA TABLE DU JAPON : Politique de confidentialit\u00e9","og_description":"Consultez la politique de confidentialit\u00e9 pour comprendre comment nous collectons, utilisons et prot\u00e9geons vos donn\u00e9es personnelles.","og_url":"https:\/\/alatabledujapon.com\/ja\/politique-confidentitalite\/","og_site_name":"\u00c0 la Table du Japon","article_modified_time":"2025-12-16T13:55:15+00:00","og_image":[{"width":2560,"height":1810,"url":"https:\/\/alatabledujapon.com\/wp-content\/uploads\/2025\/08\/photo-fond-brochure-scaled.jpg","type":"image\/jpeg"}],"twitter_card":"summary_large_image","twitter_misc":{"\u63a8\u5b9a\u8aad\u307f\u53d6\u308a\u6642\u9593":"3\u5206"},"schema":{"@context":"https:\/\/schema.org","@graph":[{"@type":"WebPage","@id":"https:\/\/alatabledujapon.com\/politique-confidentitalite\/","url":"https:\/\/alatabledujapon.com\/politique-confidentitalite\/","name":"\u00c0 LA TABLE DU JAPON : Politique de confidentialit\u00e9","isPartOf":{"@id":"https:\/\/alatabledujapon.com\/#website"},"primaryImageOfPage":{"@id":"https:\/\/alatabledujapon.com\/politique-confidentitalite\/#primaryimage"},"image":{"@id":"https:\/\/alatabledujapon.com\/politique-confidentitalite\/#primaryimage"},"thumbnailUrl":"https:\/\/alatabledujapon.com\/wp-content\/uploads\/2025\/08\/photo-fond-brochure-scaled.jpg","datePublished":"2025-12-16T12:31:18+00:00","dateModified":"2025-12-16T13:55:15+00:00","description":"Consultez la politique de confidentialit\u00e9 pour comprendre comment nous collectons, utilisons et prot\u00e9geons vos donn\u00e9es personnelles.","breadcrumb":{"@id":"https:\/\/alatabledujapon.com\/politique-confidentitalite\/#breadcrumb"},"inLanguage":"ja","potentialAction":[{"@type":"ReadAction","target":["https:\/\/alatabledujapon.com\/politique-confidentitalite\/"]}]},{"@type":"ImageObject","inLanguage":"ja","@id":"https:\/\/alatabledujapon.com\/politique-confidentitalite\/#primaryimage","url":"https:\/\/alatabledujapon.com\/wp-content\/uploads\/2025\/08\/photo-fond-brochure-scaled.jpg","contentUrl":"https:\/\/alatabledujapon.com\/wp-content\/uploads\/2025\/08\/photo-fond-brochure-scaled.jpg","width":2560,"height":1810,"caption":"Photo fond page maintenance"},{"@type":"BreadcrumbList","@id":"https:\/\/alatabledujapon.com\/politique-confidentitalite\/#breadcrumb","itemListElement":[{"@type":"ListItem","position":1,"name":"Accueil","item":"https:\/\/alatabledujapon.com\/"},{"@type":"ListItem","position":2,"name":"POLITIQUE DE CONFIDENTIALIT\u00c9"}]},{"@type":"WebSite","@id":"https:\/\/alatabledujapon.com\/#website","url":"https:\/\/alatabledujapon.com\/","name":"\u00c0 la Table du Japon","description":"","publisher":{"@id":"https:\/\/alatabledujapon.com\/#organization"},"potentialAction":[{"@type":"SearchAction","target":{"@type":"EntryPoint","urlTemplate":"https:\/\/alatabledujapon.com\/?s={search_term_string}"},"query-input":{"@type":"PropertyValueSpecification","valueRequired":true,"valueName":"search_term_string"}}],"inLanguage":"ja"},{"@type":"Organization","@id":"https:\/\/alatabledujapon.com\/#organization","name":"\u00c0 la Table du Japon","url":"https:\/\/alatabledujapon.com\/","logo":{"@type":"ImageObject","inLanguage":"ja","@id":"https:\/\/alatabledujapon.com\/#\/schema\/logo\/image\/","url":"https:\/\/alatabledujapon.com\/wp-content\/uploads\/2025\/08\/logo-tabledujapon-home.png","contentUrl":"https:\/\/alatabledujapon.com\/wp-content\/uploads\/2025\/08\/logo-tabledujapon-home.png","width":2069,"height":591,"caption":"\u00c0 la Table du Japon"},"image":{"@id":"https:\/\/alatabledujapon.com\/#\/schema\/logo\/image\/"}}]}},"_links":{"self":[{"href":"https:\/\/alatabledujapon.com\/ja\/wp-json\/wp\/v2\/pages\/508","targetHints":{"allow":["GET"]}}],"collection":[{"href":"https:\/\/alatabledujapon.com\/ja\/wp-json\/wp\/v2\/pages"}],"about":[{"href":"https:\/\/alatabledujapon.com\/ja\/wp-json\/wp\/v2\/types\/page"}],"author":[{"embeddable":true,"href":"https:\/\/alatabledujapon.com\/ja\/wp-json\/wp\/v2\/users\/2"}],"replies":[{"embeddable":true,"href":"https:\/\/alatabledujapon.com\/ja\/wp-json\/wp\/v2\/comments?post=508"}],"version-history":[{"count":4,"href":"https:\/\/alatabledujapon.com\/ja\/wp-json\/wp\/v2\/pages\/508\/revisions"}],"predecessor-version":[{"id":512,"href":"https:\/\/alatabledujapon.com\/ja\/wp-json\/wp\/v2\/pages\/508\/revisions\/512"}],"wp:featuredmedia":[{"embeddable":true,"href":"https:\/\/alatabledujapon.com\/ja\/wp-json\/wp\/v2\/media\/38"}],"wp:attachment":[{"href":"https:\/\/alatabledujapon.com\/ja\/wp-json\/wp\/v2\/media?parent=508"}],"curies":[{"name":"wp","href":"https:\/\/api.w.org\/{rel}","templated":true}]}}