{"id":500,"date":"2025-12-16T12:17:41","date_gmt":"2025-12-16T12:17:41","guid":{"rendered":"https:\/\/alatabledujapon.com\/?page_id=500"},"modified":"2026-03-06T15:33:33","modified_gmt":"2026-03-06T15:33:33","slug":"conditions-generales-vente","status":"publish","type":"page","link":"https:\/\/alatabledujapon.com\/ja\/conditions-generales-vente\/","title":{"rendered":"CONDITIONS G\u00c9N\u00c9RALES DE VENTE"},"content":{"rendered":"<div data-elementor-type=\"wp-page\" data-elementor-id=\"500\" class=\"elementor elementor-500\" data-elementor-post-type=\"page\">\n\t\t\t\t<div class=\"elementor-element elementor-element-e32ac7e e-con-full e-flex e-con e-parent\" data-id=\"e32ac7e\" data-element_type=\"container\" data-e-type=\"container\" data-settings=\"{&quot;background_background&quot;:&quot;classic&quot;}\">\n\t\t<div class=\"elementor-element elementor-element-b88b281 e-flex e-con-boxed e-con e-child\" data-id=\"b88b281\" data-element_type=\"container\" data-e-type=\"container\" data-settings=\"{&quot;background_background&quot;:&quot;classic&quot;}\">\n\t\t\t\t\t<div class=\"e-con-inner\">\n\t\t<div class=\"elementor-element elementor-element-3b90fcd e-con-full e-flex e-con e-child\" data-id=\"3b90fcd\" data-element_type=\"container\" data-e-type=\"container\">\n\t\t\t\t<div class=\"elementor-element elementor-element-4e7a28b elementor-widget elementor-widget-heading\" data-id=\"4e7a28b\" data-element_type=\"widget\" data-e-type=\"widget\" data-widget_type=\"heading.default\">\n\t\t\t\t\t<h1 class=\"elementor-heading-title elementor-size-default\">\u8ca9\u58f2\u6761\u4ef6<\/h1>\t\t\t\t<\/div>\n\t\t\t\t<div class=\"elementor-element elementor-element-332ff5c elementor-widget elementor-widget-text-editor\" data-id=\"332ff5c\" data-element_type=\"widget\" data-e-type=\"widget\" data-widget_type=\"text-editor.default\">\n\t\t\t\t\t\t\t\t\t<p>D\u00e9couvrez les Conditions G\u00e9n\u00e9rales de Vente : informations sur les commandes, paiements et droits des clients.<\/p>\t\t\t\t\t\t\t\t<\/div>\n\t\t\t\t<\/div>\n\t\t\t\t\t<\/div>\n\t\t\t\t<\/div>\n\t\t\t\t<\/div>\n\t\t<div class=\"elementor-element elementor-element-11ecc0a e-flex e-con-boxed e-con e-parent\" data-id=\"11ecc0a\" data-element_type=\"container\" data-e-type=\"container\">\n\t\t\t\t\t<div class=\"e-con-inner\">\n\t\t\t\t<div class=\"elementor-element elementor-element-5fcc2e9 elementor-widget elementor-widget-heading\" data-id=\"5fcc2e9\" data-element_type=\"widget\" data-e-type=\"widget\" data-widget_type=\"heading.default\">\n\t\t\t\t\t<h2 class=\"elementor-heading-title elementor-size-default\">1. \u00c9diteur et organisateur :<\/h2>\t\t\t\t<\/div>\n\t\t\t\t<div class=\"elementor-element elementor-element-97712e0 elementor-widget elementor-widget-text-editor\" data-id=\"97712e0\" data-element_type=\"widget\" data-e-type=\"widget\" data-widget_type=\"text-editor.default\">\n\t\t\t\t\t\t\t\t\t<p>Le salon \u00ab \u00c0 la Table du Japon \u00bb est organis\u00e9 par la soci\u00e9t\u00e9 :<\/p><p><a href=\"https:\/\/sushi-robots.eu\/\">Sushi Robots<\/a><br \/>Adresse : 21 rue Lavoisier 17440 Aytr\u00e9<br \/>SIREN : 813 046 281 00032<br \/>Num\u00e9ro de TVA intracommunautaire : FR38813046281<br \/>T\u00e9l\u00e9phone : +33 5 16 07 39 09<br \/>Email : info@sushi-robots.eu<\/p>\t\t\t\t\t\t\t\t<\/div>\n\t\t\t\t\t<\/div>\n\t\t\t\t<\/div>\n\t\t<div class=\"elementor-element elementor-element-fb1199e e-flex e-con-boxed e-con e-parent\" data-id=\"fb1199e\" data-element_type=\"container\" data-e-type=\"container\">\n\t\t\t\t\t<div class=\"e-con-inner\">\n\t\t\t\t<div class=\"elementor-element elementor-element-d6ec18d elementor-widget elementor-widget-heading\" data-id=\"d6ec18d\" data-element_type=\"widget\" data-e-type=\"widget\" data-widget_type=\"heading.default\">\n\t\t\t\t\t<h2 class=\"elementor-heading-title elementor-size-default\">2. Objet :<\/h2>\t\t\t\t<\/div>\n\t\t\t\t<div class=\"elementor-element elementor-element-ffc8bfa elementor-widget elementor-widget-text-editor\" data-id=\"ffc8bfa\" data-element_type=\"widget\" data-e-type=\"widget\" data-widget_type=\"text-editor.default\">\n\t\t\t\t\t\t\t\t\t<p>Les pr\u00e9sentes Conditions G\u00e9n\u00e9rales de Vente (CGV) d\u00e9finissent les droits et obligations de l\u2019organisateur et des participants concernant la vente de billets pour le salon \u00ab \u00c0 la Table du Japon \u00bb, accessible via la page <a href=\"https:\/\/www.alatabledujapon.fr\/event\/a-la-table-du-japon-2026-5\/register\">billeterie<\/a>.<\/p>\t\t\t\t\t\t\t\t<\/div>\n\t\t\t\t\t<\/div>\n\t\t\t\t<\/div>\n\t\t<div class=\"elementor-element elementor-element-b7b6768 e-flex e-con-boxed e-con e-parent\" data-id=\"b7b6768\" data-element_type=\"container\" data-e-type=\"container\">\n\t\t\t\t\t<div class=\"e-con-inner\">\n\t\t\t\t<div class=\"elementor-element elementor-element-dd6c8d7 elementor-widget elementor-widget-heading\" data-id=\"dd6c8d7\" data-element_type=\"widget\" data-e-type=\"widget\" data-widget_type=\"heading.default\">\n\t\t\t\t\t<h2 class=\"elementor-heading-title elementor-size-default\">3. Billetterie en ligne :<\/h2>\t\t\t\t<\/div>\n\t\t\t\t<div class=\"elementor-element elementor-element-1045d0f elementor-widget elementor-widget-text-editor\" data-id=\"1045d0f\" data-element_type=\"widget\" data-e-type=\"widget\" data-widget_type=\"text-editor.default\">\n\t\t\t\t\t\t\t\t\t<p>La billetterie est g\u00e9r\u00e9e via la plateforme Odoo.<br \/>Les participants sont redirig\u00e9s vers Odoo pour finaliser l\u2019achat de leur billet.<br \/>Les moyens de paiement accept\u00e9s sont : Stripe, PayPal, et autres solutions s\u00e9curis\u00e9es propos\u00e9es par Odoo.<br \/>Les donn\u00e9es bancaires sont trait\u00e9es uniquement par le prestataire de paiement et ne sont jamais conserv\u00e9es par Sushi Robots.<\/p>\t\t\t\t\t\t\t\t<\/div>\n\t\t\t\t\t<\/div>\n\t\t\t\t<\/div>\n\t\t<div class=\"elementor-element elementor-element-6c3e2ee e-flex e-con-boxed e-con e-parent\" data-id=\"6c3e2ee\" data-element_type=\"container\" data-e-type=\"container\">\n\t\t\t\t\t<div class=\"e-con-inner\">\n\t\t\t\t<div class=\"elementor-element elementor-element-a4eadfb elementor-widget elementor-widget-heading\" data-id=\"a4eadfb\" data-element_type=\"widget\" data-e-type=\"widget\" data-widget_type=\"heading.default\">\n\t\t\t\t\t<h2 class=\"elementor-heading-title elementor-size-default\">4. Tarifs<\/h2>\t\t\t\t<\/div>\n\t\t\t\t<div class=\"elementor-element elementor-element-78fa0b6 elementor-widget elementor-widget-text-editor\" data-id=\"78fa0b6\" data-element_type=\"widget\" data-e-type=\"widget\" data-widget_type=\"text-editor.default\">\n\t\t\t\t\t\t\t\t\t<p>Billetterie en ligne et sur place :<\/p><ul><li>Achat en ligne :<ul><li><strong>7,50 \u20ac TTC pour le Pass 1 jour<\/strong><\/li><li><strong><strong>14 \u20ac TTC pour le Pass 2 jours<\/strong><\/strong><\/li><\/ul><\/li><li>Achat sur place :<ul><li><strong>10 \u20ac TTC pour le Pass 1 jour<\/strong><\/li><li><strong><strong>20 \u20ac TTC pour le Pass 2 jours<\/strong><\/strong><\/li><\/ul><\/li><li>Gratuit pour les enfants de moins de 10 ans<\/li><\/ul><p>Les billets sont valables uniquement pour la date et l\u2019horaire indiqu\u00e9s.<br \/>Les billets sont nominaux et non remboursables sauf en cas d\u2019annulation du salon.<\/p>\t\t\t\t\t\t\t\t<\/div>\n\t\t\t\t\t<\/div>\n\t\t\t\t<\/div>\n\t\t<div class=\"elementor-element elementor-element-a1f2550 e-flex e-con-boxed e-con e-parent\" data-id=\"a1f2550\" data-element_type=\"container\" data-e-type=\"container\">\n\t\t\t\t\t<div class=\"e-con-inner\">\n\t\t\t\t<div class=\"elementor-element elementor-element-4da4ddb elementor-widget elementor-widget-heading\" data-id=\"4da4ddb\" data-element_type=\"widget\" data-e-type=\"widget\" data-widget_type=\"heading.default\">\n\t\t\t\t\t<h2 class=\"elementor-heading-title elementor-size-default\">5. Commande et confirmation :<\/h2>\t\t\t\t<\/div>\n\t\t\t\t<div class=\"elementor-element elementor-element-e48ce21 elementor-widget elementor-widget-text-editor\" data-id=\"e48ce21\" data-element_type=\"widget\" data-e-type=\"widget\" data-widget_type=\"text-editor.default\">\n\t\t\t\t\t\t\t\t\t<p>La commande est valid\u00e9e apr\u00e8s le paiement int\u00e9gral via la plateforme Odoo.<br \/>Le participant re\u00e7oit une confirmation et son billet \u00e9lectronique par email.<br \/>En cas de probl\u00e8me lors de la transaction, l\u2019organisateur se r\u00e9serve le droit de refuser l\u2019acc\u00e8s au salon jusqu\u2019\u00e0 r\u00e9gularisation du paiement.<\/p>\t\t\t\t\t\t\t\t<\/div>\n\t\t\t\t\t<\/div>\n\t\t\t\t<\/div>\n\t\t<div class=\"elementor-element elementor-element-012a9ef e-flex e-con-boxed e-con e-parent\" data-id=\"012a9ef\" data-element_type=\"container\" data-e-type=\"container\">\n\t\t\t\t\t<div class=\"e-con-inner\">\n\t\t\t\t<div class=\"elementor-element elementor-element-7961219 elementor-widget elementor-widget-heading\" data-id=\"7961219\" data-element_type=\"widget\" data-e-type=\"widget\" data-widget_type=\"heading.default\">\n\t\t\t\t\t<h2 class=\"elementor-heading-title elementor-size-default\">6. Acc\u00e8s au salon<\/h2>\t\t\t\t<\/div>\n\t\t\t\t<div class=\"elementor-element elementor-element-78392a0 elementor-widget elementor-widget-text-editor\" data-id=\"78392a0\" data-element_type=\"widget\" data-e-type=\"widget\" data-widget_type=\"text-editor.default\">\n\t\t\t\t\t\t\t\t\t<p>Chaque participant doit pr\u00e9senter son billet \u00e9lectronique ou imprim\u00e9 \u00e0 l\u2019entr\u00e9e.<br \/>Toute fraude ou duplication de billet entra\u00eenera l\u2019interdiction d\u2019acc\u00e8s au salon.<br \/>L\u2019organisateur se r\u00e9serve le droit de refuser l\u2019acc\u00e8s pour des raisons de s\u00e9curit\u00e9 ou de non-respect du r\u00e8glement int\u00e9rieur.<\/p>\t\t\t\t\t\t\t\t<\/div>\n\t\t\t\t\t<\/div>\n\t\t\t\t<\/div>\n\t\t<div class=\"elementor-element elementor-element-799a232 e-flex e-con-boxed e-con e-parent\" data-id=\"799a232\" data-element_type=\"container\" data-e-type=\"container\">\n\t\t\t\t\t<div class=\"e-con-inner\">\n\t\t\t\t<div class=\"elementor-element elementor-element-a4bfd68 elementor-widget elementor-widget-heading\" data-id=\"a4bfd68\" data-element_type=\"widget\" data-e-type=\"widget\" data-widget_type=\"heading.default\">\n\t\t\t\t\t<h2 class=\"elementor-heading-title elementor-size-default\">7. Annulation et remboursement<\/h2>\t\t\t\t<\/div>\n\t\t\t\t<div class=\"elementor-element elementor-element-870844b elementor-widget elementor-widget-text-editor\" data-id=\"870844b\" data-element_type=\"widget\" data-e-type=\"widget\" data-widget_type=\"text-editor.default\">\n\t\t\t\t\t\t\t\t\t<p>Les billets achet\u00e9s en ligne ou sur place ne sont pas remboursables sauf annulation du salon.<br \/>En cas d\u2019annulation de l\u2019\u00e9v\u00e9nement, le participant sera rembours\u00e9 int\u00e9gralement du montant pay\u00e9.<\/p>\t\t\t\t\t\t\t\t<\/div>\n\t\t\t\t\t<\/div>\n\t\t\t\t<\/div>\n\t\t<div class=\"elementor-element elementor-element-1003203 e-flex e-con-boxed e-con e-parent\" data-id=\"1003203\" data-element_type=\"container\" data-e-type=\"container\">\n\t\t\t\t\t<div class=\"e-con-inner\">\n\t\t\t\t<div class=\"elementor-element elementor-element-8436b08 elementor-widget elementor-widget-heading\" data-id=\"8436b08\" data-element_type=\"widget\" data-e-type=\"widget\" data-widget_type=\"heading.default\">\n\t\t\t\t\t<h2 class=\"elementor-heading-title elementor-size-default\">8. Responsabilit\u00e9<\/h2>\t\t\t\t<\/div>\n\t\t\t\t<div class=\"elementor-element elementor-element-e3042ae elementor-widget elementor-widget-text-editor\" data-id=\"e3042ae\" data-element_type=\"widget\" data-e-type=\"widget\" data-widget_type=\"text-editor.default\">\n\t\t\t\t\t\t\t\t\t<p>L\u2019organisateur ne peut \u00eatre tenu responsable des incidents, accidents ou pertes survenus pendant le salon, sauf en cas de faute prouv\u00e9e.<br \/>L\u2019acc\u00e8s au salon implique l\u2019acceptation du pr\u00e9sent r\u00e8glement.<\/p>\t\t\t\t\t\t\t\t<\/div>\n\t\t\t\t\t<\/div>\n\t\t\t\t<\/div>\n\t\t<div class=\"elementor-element elementor-element-7a5be31 e-flex e-con-boxed e-con e-parent\" data-id=\"7a5be31\" data-element_type=\"container\" data-e-type=\"container\">\n\t\t\t\t\t<div class=\"e-con-inner\">\n\t\t\t\t<div class=\"elementor-element elementor-element-8f6b47c elementor-widget elementor-widget-heading\" data-id=\"8f6b47c\" data-element_type=\"widget\" data-e-type=\"widget\" data-widget_type=\"heading.default\">\n\t\t\t\t\t<h2 class=\"elementor-heading-title elementor-size-default\">9. Donn\u00e9es personnelles<\/h2>\t\t\t\t<\/div>\n\t\t\t\t<div class=\"elementor-element elementor-element-154ab1c elementor-widget elementor-widget-text-editor\" data-id=\"154ab1c\" data-element_type=\"widget\" data-e-type=\"widget\" data-widget_type=\"text-editor.default\">\n\t\t\t\t\t\t\t\t\t<p>Les informations collect\u00e9es via la billetterie sont utilis\u00e9es pour la gestion des participants et l\u2019envoi d\u2019informations relatives au salon.<br \/>Conform\u00e9ment au RGPD, les participants disposent d\u2019un droit d\u2019acc\u00e8s, de rectification et de suppression de leurs donn\u00e9es \u00e0 : <a href=\"mailto:info@alatabledujapon.com\">info@alatabledujapon.com<\/a><\/p><p>Les cookies et le consentement sont g\u00e9r\u00e9s via Axeptio.<\/p>\t\t\t\t\t\t\t\t<\/div>\n\t\t\t\t\t<\/div>\n\t\t\t\t<\/div>\n\t\t<div class=\"elementor-element elementor-element-d5cab61 e-flex e-con-boxed e-con e-parent\" data-id=\"d5cab61\" data-element_type=\"container\" data-e-type=\"container\">\n\t\t\t\t\t<div class=\"e-con-inner\">\n\t\t\t\t<div class=\"elementor-element elementor-element-c212fe7 elementor-widget elementor-widget-heading\" data-id=\"c212fe7\" data-element_type=\"widget\" data-e-type=\"widget\" data-widget_type=\"heading.default\">\n\t\t\t\t\t<h2 class=\"elementor-heading-title elementor-size-default\">10. Loi applicable et litiges<\/h2>\t\t\t\t<\/div>\n\t\t\t\t<div class=\"elementor-element elementor-element-765d50c elementor-widget elementor-widget-text-editor\" data-id=\"765d50c\" data-element_type=\"widget\" data-e-type=\"widget\" data-widget_type=\"text-editor.default\">\n\t\t\t\t\t\t\t\t\t<p>Les pr\u00e9sentes CGV sont r\u00e9gies par le droit fran\u00e7ais.<br \/>Tout litige relatif \u00e0 l\u2019application ou l\u2019interpr\u00e9tation des CGV sera soumis aux tribunaux comp\u00e9tents du si\u00e8ge social de Sushi Robots.<\/p>\t\t\t\t\t\t\t\t<\/div>\n\t\t\t\t\t<\/div>\n\t\t\t\t<\/div>\n\t\t\t\t<\/div>","protected":false},"excerpt":{"rendered":"<p>D\u00e9couvrez les Conditions G\u00e9n\u00e9rales de Vente : informations sur les commandes, paiements, livraisons et droits des clients.<\/p>","protected":false},"author":2,"featured_media":38,"parent":0,"menu_order":0,"comment_status":"closed","ping_status":"closed","template":"","meta":{"footnotes":""},"class_list":["post-500","page","type-page","status-publish","has-post-thumbnail","hentry"],"yoast_head":"<!-- This site is optimized with the Yoast SEO plugin v27.3 - https:\/\/yoast.com\/product\/yoast-seo-wordpress\/ -->\n<title>\u00c0 LA TABLE DU JAPON : Conditions g\u00e9n\u00e9rales de vente<\/title>\n<meta name=\"description\" content=\"D\u00e9couvrez les Conditions G\u00e9n\u00e9rales de Vente : informations sur les commandes, paiements, livraisons et droits des clients.\" \/>\n<meta name=\"robots\" content=\"index, follow, max-snippet:-1, max-image-preview:large, max-video-preview:-1\" \/>\n<link rel=\"canonical\" href=\"https:\/\/alatabledujapon.com\/ja\/conditions-generales-vente\/\" \/>\n<meta property=\"og:locale\" content=\"ja_JP\" \/>\n<meta property=\"og:type\" content=\"article\" \/>\n<meta property=\"og:title\" content=\"\u00c0 LA TABLE DU JAPON : Conditions g\u00e9n\u00e9rales de vente\" \/>\n<meta property=\"og:description\" content=\"D\u00e9couvrez les Conditions G\u00e9n\u00e9rales de Vente : informations sur les commandes, paiements, livraisons et droits des clients.\" \/>\n<meta property=\"og:url\" content=\"https:\/\/alatabledujapon.com\/ja\/conditions-generales-vente\/\" \/>\n<meta property=\"og:site_name\" content=\"\u00c0 la Table du Japon\" \/>\n<meta property=\"article:modified_time\" content=\"2026-03-06T15:33:33+00:00\" \/>\n<meta property=\"og:image\" content=\"https:\/\/alatabledujapon.com\/wp-content\/uploads\/2025\/08\/photo-fond-brochure-scaled.jpg\" \/>\n\t<meta property=\"og:image:width\" content=\"2560\" \/>\n\t<meta property=\"og:image:height\" content=\"1810\" \/>\n\t<meta property=\"og:image:type\" content=\"image\/jpeg\" \/>\n<meta name=\"twitter:card\" content=\"summary_large_image\" \/>\n<meta name=\"twitter:label1\" content=\"\u63a8\u5b9a\u8aad\u307f\u53d6\u308a\u6642\u9593\" \/>\n\t<meta name=\"twitter:data1\" content=\"3\u5206\" \/>\n<script type=\"application\/ld+json\" class=\"yoast-schema-graph\">{\"@context\":\"https:\\\/\\\/schema.org\",\"@graph\":[{\"@type\":\"WebPage\",\"@id\":\"https:\\\/\\\/alatabledujapon.com\\\/conditions-generales-vente\\\/\",\"url\":\"https:\\\/\\\/alatabledujapon.com\\\/conditions-generales-vente\\\/\",\"name\":\"\u00c0 LA TABLE DU JAPON : Conditions g\u00e9n\u00e9rales de vente\",\"isPartOf\":{\"@id\":\"https:\\\/\\\/alatabledujapon.com\\\/#website\"},\"primaryImageOfPage\":{\"@id\":\"https:\\\/\\\/alatabledujapon.com\\\/conditions-generales-vente\\\/#primaryimage\"},\"image\":{\"@id\":\"https:\\\/\\\/alatabledujapon.com\\\/conditions-generales-vente\\\/#primaryimage\"},\"thumbnailUrl\":\"https:\\\/\\\/alatabledujapon.com\\\/wp-content\\\/uploads\\\/2025\\\/08\\\/photo-fond-brochure-scaled.jpg\",\"datePublished\":\"2025-12-16T12:17:41+00:00\",\"dateModified\":\"2026-03-06T15:33:33+00:00\",\"description\":\"D\u00e9couvrez les Conditions G\u00e9n\u00e9rales de Vente : informations sur les commandes, paiements, livraisons et droits des clients.\",\"breadcrumb\":{\"@id\":\"https:\\\/\\\/alatabledujapon.com\\\/conditions-generales-vente\\\/#breadcrumb\"},\"inLanguage\":\"ja\",\"potentialAction\":[{\"@type\":\"ReadAction\",\"target\":[\"https:\\\/\\\/alatabledujapon.com\\\/conditions-generales-vente\\\/\"]}]},{\"@type\":\"ImageObject\",\"inLanguage\":\"ja\",\"@id\":\"https:\\\/\\\/alatabledujapon.com\\\/conditions-generales-vente\\\/#primaryimage\",\"url\":\"https:\\\/\\\/alatabledujapon.com\\\/wp-content\\\/uploads\\\/2025\\\/08\\\/photo-fond-brochure-scaled.jpg\",\"contentUrl\":\"https:\\\/\\\/alatabledujapon.com\\\/wp-content\\\/uploads\\\/2025\\\/08\\\/photo-fond-brochure-scaled.jpg\",\"width\":2560,\"height\":1810,\"caption\":\"Photo fond page maintenance\"},{\"@type\":\"BreadcrumbList\",\"@id\":\"https:\\\/\\\/alatabledujapon.com\\\/conditions-generales-vente\\\/#breadcrumb\",\"itemListElement\":[{\"@type\":\"ListItem\",\"position\":1,\"name\":\"Accueil\",\"item\":\"https:\\\/\\\/alatabledujapon.com\\\/\"},{\"@type\":\"ListItem\",\"position\":2,\"name\":\"CONDITIONS G\u00c9N\u00c9RALES DE VENTE\"}]},{\"@type\":\"WebSite\",\"@id\":\"https:\\\/\\\/alatabledujapon.com\\\/#website\",\"url\":\"https:\\\/\\\/alatabledujapon.com\\\/\",\"name\":\"\u00c0 la Table du Japon\",\"description\":\"\",\"publisher\":{\"@id\":\"https:\\\/\\\/alatabledujapon.com\\\/#organization\"},\"potentialAction\":[{\"@type\":\"SearchAction\",\"target\":{\"@type\":\"EntryPoint\",\"urlTemplate\":\"https:\\\/\\\/alatabledujapon.com\\\/?s={search_term_string}\"},\"query-input\":{\"@type\":\"PropertyValueSpecification\",\"valueRequired\":true,\"valueName\":\"search_term_string\"}}],\"inLanguage\":\"ja\"},{\"@type\":\"Organization\",\"@id\":\"https:\\\/\\\/alatabledujapon.com\\\/#organization\",\"name\":\"\u00c0 la Table du Japon\",\"url\":\"https:\\\/\\\/alatabledujapon.com\\\/\",\"logo\":{\"@type\":\"ImageObject\",\"inLanguage\":\"ja\",\"@id\":\"https:\\\/\\\/alatabledujapon.com\\\/#\\\/schema\\\/logo\\\/image\\\/\",\"url\":\"https:\\\/\\\/alatabledujapon.com\\\/wp-content\\\/uploads\\\/2025\\\/08\\\/logo-tabledujapon-home.png\",\"contentUrl\":\"https:\\\/\\\/alatabledujapon.com\\\/wp-content\\\/uploads\\\/2025\\\/08\\\/logo-tabledujapon-home.png\",\"width\":2069,\"height\":591,\"caption\":\"\u00c0 la Table du Japon\"},\"image\":{\"@id\":\"https:\\\/\\\/alatabledujapon.com\\\/#\\\/schema\\\/logo\\\/image\\\/\"}}]}<\/script>\n<!-- \/ Yoast SEO plugin. -->","yoast_head_json":{"title":"\u00c0 LA TABLE DU JAPON : Conditions g\u00e9n\u00e9rales de vente","description":"D\u00e9couvrez les Conditions G\u00e9n\u00e9rales de Vente : informations sur les commandes, paiements, livraisons et droits des clients.","robots":{"index":"index","follow":"follow","max-snippet":"max-snippet:-1","max-image-preview":"max-image-preview:large","max-video-preview":"max-video-preview:-1"},"canonical":"https:\/\/alatabledujapon.com\/ja\/conditions-generales-vente\/","og_locale":"ja_JP","og_type":"article","og_title":"\u00c0 LA TABLE DU JAPON : Conditions g\u00e9n\u00e9rales de vente","og_description":"D\u00e9couvrez les Conditions G\u00e9n\u00e9rales de Vente : informations sur les commandes, paiements, livraisons et droits des clients.","og_url":"https:\/\/alatabledujapon.com\/ja\/conditions-generales-vente\/","og_site_name":"\u00c0 la Table du Japon","article_modified_time":"2026-03-06T15:33:33+00:00","og_image":[{"width":2560,"height":1810,"url":"https:\/\/alatabledujapon.com\/wp-content\/uploads\/2025\/08\/photo-fond-brochure-scaled.jpg","type":"image\/jpeg"}],"twitter_card":"summary_large_image","twitter_misc":{"\u63a8\u5b9a\u8aad\u307f\u53d6\u308a\u6642\u9593":"3\u5206"},"schema":{"@context":"https:\/\/schema.org","@graph":[{"@type":"WebPage","@id":"https:\/\/alatabledujapon.com\/conditions-generales-vente\/","url":"https:\/\/alatabledujapon.com\/conditions-generales-vente\/","name":"\u00c0 LA TABLE DU JAPON : Conditions g\u00e9n\u00e9rales de vente","isPartOf":{"@id":"https:\/\/alatabledujapon.com\/#website"},"primaryImageOfPage":{"@id":"https:\/\/alatabledujapon.com\/conditions-generales-vente\/#primaryimage"},"image":{"@id":"https:\/\/alatabledujapon.com\/conditions-generales-vente\/#primaryimage"},"thumbnailUrl":"https:\/\/alatabledujapon.com\/wp-content\/uploads\/2025\/08\/photo-fond-brochure-scaled.jpg","datePublished":"2025-12-16T12:17:41+00:00","dateModified":"2026-03-06T15:33:33+00:00","description":"D\u00e9couvrez les Conditions G\u00e9n\u00e9rales de Vente : informations sur les commandes, paiements, livraisons et droits des clients.","breadcrumb":{"@id":"https:\/\/alatabledujapon.com\/conditions-generales-vente\/#breadcrumb"},"inLanguage":"ja","potentialAction":[{"@type":"ReadAction","target":["https:\/\/alatabledujapon.com\/conditions-generales-vente\/"]}]},{"@type":"ImageObject","inLanguage":"ja","@id":"https:\/\/alatabledujapon.com\/conditions-generales-vente\/#primaryimage","url":"https:\/\/alatabledujapon.com\/wp-content\/uploads\/2025\/08\/photo-fond-brochure-scaled.jpg","contentUrl":"https:\/\/alatabledujapon.com\/wp-content\/uploads\/2025\/08\/photo-fond-brochure-scaled.jpg","width":2560,"height":1810,"caption":"Photo fond page maintenance"},{"@type":"BreadcrumbList","@id":"https:\/\/alatabledujapon.com\/conditions-generales-vente\/#breadcrumb","itemListElement":[{"@type":"ListItem","position":1,"name":"Accueil","item":"https:\/\/alatabledujapon.com\/"},{"@type":"ListItem","position":2,"name":"CONDITIONS G\u00c9N\u00c9RALES DE VENTE"}]},{"@type":"WebSite","@id":"https:\/\/alatabledujapon.com\/#website","url":"https:\/\/alatabledujapon.com\/","name":"\u00c0 la Table du Japon","description":"","publisher":{"@id":"https:\/\/alatabledujapon.com\/#organization"},"potentialAction":[{"@type":"SearchAction","target":{"@type":"EntryPoint","urlTemplate":"https:\/\/alatabledujapon.com\/?s={search_term_string}"},"query-input":{"@type":"PropertyValueSpecification","valueRequired":true,"valueName":"search_term_string"}}],"inLanguage":"ja"},{"@type":"Organization","@id":"https:\/\/alatabledujapon.com\/#organization","name":"\u00c0 la Table du Japon","url":"https:\/\/alatabledujapon.com\/","logo":{"@type":"ImageObject","inLanguage":"ja","@id":"https:\/\/alatabledujapon.com\/#\/schema\/logo\/image\/","url":"https:\/\/alatabledujapon.com\/wp-content\/uploads\/2025\/08\/logo-tabledujapon-home.png","contentUrl":"https:\/\/alatabledujapon.com\/wp-content\/uploads\/2025\/08\/logo-tabledujapon-home.png","width":2069,"height":591,"caption":"\u00c0 la Table du Japon"},"image":{"@id":"https:\/\/alatabledujapon.com\/#\/schema\/logo\/image\/"}}]}},"_links":{"self":[{"href":"https:\/\/alatabledujapon.com\/ja\/wp-json\/wp\/v2\/pages\/500","targetHints":{"allow":["GET"]}}],"collection":[{"href":"https:\/\/alatabledujapon.com\/ja\/wp-json\/wp\/v2\/pages"}],"about":[{"href":"https:\/\/alatabledujapon.com\/ja\/wp-json\/wp\/v2\/types\/page"}],"author":[{"embeddable":true,"href":"https:\/\/alatabledujapon.com\/ja\/wp-json\/wp\/v2\/users\/2"}],"replies":[{"embeddable":true,"href":"https:\/\/alatabledujapon.com\/ja\/wp-json\/wp\/v2\/comments?post=500"}],"version-history":[{"count":13,"href":"https:\/\/alatabledujapon.com\/ja\/wp-json\/wp\/v2\/pages\/500\/revisions"}],"predecessor-version":[{"id":615,"href":"https:\/\/alatabledujapon.com\/ja\/wp-json\/wp\/v2\/pages\/500\/revisions\/615"}],"wp:featuredmedia":[{"embeddable":true,"href":"https:\/\/alatabledujapon.com\/ja\/wp-json\/wp\/v2\/media\/38"}],"wp:attachment":[{"href":"https:\/\/alatabledujapon.com\/ja\/wp-json\/wp\/v2\/media?parent=500"}],"curies":[{"name":"wp","href":"https:\/\/api.w.org\/{rel}","templated":true}]}}