{"id":484,"date":"2025-12-16T12:07:11","date_gmt":"2025-12-16T12:07:11","guid":{"rendered":"https:\/\/alatabledujapon.com\/?page_id=484"},"modified":"2025-12-16T12:28:37","modified_gmt":"2025-12-16T12:28:37","slug":"mentions-legales","status":"publish","type":"page","link":"https:\/\/alatabledujapon.com\/ja\/mentions-legales\/","title":{"rendered":"MENTIONS L\u00c9GALES"},"content":{"rendered":"<div data-elementor-type=\"wp-page\" data-elementor-id=\"484\" class=\"elementor elementor-484\" data-elementor-post-type=\"page\">\n\t\t\t\t<div class=\"elementor-element elementor-element-e32ac7e e-con-full e-flex e-con e-parent\" data-id=\"e32ac7e\" data-element_type=\"container\" data-e-type=\"container\" data-settings=\"{&quot;background_background&quot;:&quot;classic&quot;}\">\n\t\t<div class=\"elementor-element elementor-element-b88b281 e-flex e-con-boxed e-con e-child\" data-id=\"b88b281\" data-element_type=\"container\" data-e-type=\"container\" data-settings=\"{&quot;background_background&quot;:&quot;classic&quot;}\">\n\t\t\t\t\t<div class=\"e-con-inner\">\n\t\t<div class=\"elementor-element elementor-element-3b90fcd e-con-full e-flex e-con e-child\" data-id=\"3b90fcd\" data-element_type=\"container\" data-e-type=\"container\">\n\t\t\t\t<div class=\"elementor-element elementor-element-4e7a28b elementor-widget elementor-widget-heading\" data-id=\"4e7a28b\" data-element_type=\"widget\" data-e-type=\"widget\" data-widget_type=\"heading.default\">\n\t\t\t\t\t<h1 class=\"elementor-heading-title elementor-size-default\">\u6cd5\u7684\u60c5\u5831<\/h1>\t\t\t\t<\/div>\n\t\t\t\t<div class=\"elementor-element elementor-element-332ff5c elementor-widget elementor-widget-text-editor\" data-id=\"332ff5c\" data-element_type=\"widget\" data-e-type=\"widget\" data-widget_type=\"text-editor.default\">\n\t\t\t\t\t\t\t\t\t<p>Consultez les mentions l\u00e9gales pour conna\u00eetre les informations l\u00e9gales, conditions d&rsquo;utilisation et la protection des donn\u00e9es personnelles.<\/p>\t\t\t\t\t\t\t\t<\/div>\n\t\t\t\t<\/div>\n\t\t\t\t\t<\/div>\n\t\t\t\t<\/div>\n\t\t\t\t<\/div>\n\t\t<div class=\"elementor-element elementor-element-11ecc0a e-flex e-con-boxed e-con e-parent\" data-id=\"11ecc0a\" data-element_type=\"container\" data-e-type=\"container\">\n\t\t\t\t\t<div class=\"e-con-inner\">\n\t\t\t\t<div class=\"elementor-element elementor-element-5fcc2e9 elementor-widget elementor-widget-heading\" data-id=\"5fcc2e9\" data-element_type=\"widget\" data-e-type=\"widget\" data-widget_type=\"heading.default\">\n\t\t\t\t\t<h2 class=\"elementor-heading-title elementor-size-default\">\u00c9diteur du site :<\/h2>\t\t\t\t<\/div>\n\t\t\t\t<div class=\"elementor-element elementor-element-97712e0 elementor-widget elementor-widget-text-editor\" data-id=\"97712e0\" data-element_type=\"widget\" data-e-type=\"widget\" data-widget_type=\"text-editor.default\">\n\t\t\t\t\t\t\t\t\t<p>Le site internet <a href=\"https:\/\/alatabledujapon.com\/ja\/\">www.alatabledujapon.com<\/a> est \u00e9dit\u00e9 par :<\/p>\n<p>Nom de l\u2019\u00e9diteur : SUSHI ROBOTS &#8211; Sandy DUPUIS<br \/>Adresse : 21 rue Lavoisier, 17440 Aytr\u00e9, France<br \/>Num\u00e9ro de TVA intracommunautaire : FR38813046281<br \/>T\u00e9l\u00e9phone : +33 5 16 07 39 09<br \/>Email : info@sushi-robots.eu<\/p>\t\t\t\t\t\t\t\t<\/div>\n\t\t\t\t\t<\/div>\n\t\t\t\t<\/div>\n\t\t<div class=\"elementor-element elementor-element-fb1199e e-flex e-con-boxed e-con e-parent\" data-id=\"fb1199e\" data-element_type=\"container\" data-e-type=\"container\">\n\t\t\t\t\t<div class=\"e-con-inner\">\n\t\t\t\t<div class=\"elementor-element elementor-element-d6ec18d elementor-widget elementor-widget-heading\" data-id=\"d6ec18d\" data-element_type=\"widget\" data-e-type=\"widget\" data-widget_type=\"heading.default\">\n\t\t\t\t\t<h2 class=\"elementor-heading-title elementor-size-default\">H\u00e9bergement<\/h2>\t\t\t\t<\/div>\n\t\t\t\t<div class=\"elementor-element elementor-element-ffc8bfa elementor-widget elementor-widget-text-editor\" data-id=\"ffc8bfa\" data-element_type=\"widget\" data-e-type=\"widget\" data-widget_type=\"text-editor.default\">\n\t\t\t\t\t\t\t\t\t<p>Le site est h\u00e9berg\u00e9 par : Odoo S.A.<br \/>Adresse : Chauss\u00e9e de Namur, 40 1367 Grand-Rosi\u00e8re Belgique<br \/>Mail : privacy@odoo.com<\/p>\t\t\t\t\t\t\t\t<\/div>\n\t\t\t\t\t<\/div>\n\t\t\t\t<\/div>\n\t\t<div class=\"elementor-element elementor-element-b7b6768 e-flex e-con-boxed e-con e-parent\" data-id=\"b7b6768\" data-element_type=\"container\" data-e-type=\"container\">\n\t\t\t\t\t<div class=\"e-con-inner\">\n\t\t\t\t<div class=\"elementor-element elementor-element-dd6c8d7 elementor-widget elementor-widget-heading\" data-id=\"dd6c8d7\" data-element_type=\"widget\" data-e-type=\"widget\" data-widget_type=\"heading.default\">\n\t\t\t\t\t<h2 class=\"elementor-heading-title elementor-size-default\">Propri\u00e9t\u00e9 intellectuelle :<\/h2>\t\t\t\t<\/div>\n\t\t\t\t<div class=\"elementor-element elementor-element-1045d0f elementor-widget elementor-widget-text-editor\" data-id=\"1045d0f\" data-element_type=\"widget\" data-e-type=\"widget\" data-widget_type=\"text-editor.default\">\n\t\t\t\t\t\t\t\t\t<p>L\u2019ensemble des contenus pr\u00e9sents sur ce site (textes, images, vid\u00e9os, logos, graphiques) est la propri\u00e9t\u00e9 exclusive de Sushi Robots ou de ses partenaires et est prot\u00e9g\u00e9 par le droit de la propri\u00e9t\u00e9 intellectuelle.<br \/>Toute reproduction, repr\u00e9sentation, modification ou utilisation sans autorisation est strictement interdite.<\/p>\t\t\t\t\t\t\t\t<\/div>\n\t\t\t\t\t<\/div>\n\t\t\t\t<\/div>\n\t\t<div class=\"elementor-element elementor-element-6c3e2ee e-flex e-con-boxed e-con e-parent\" data-id=\"6c3e2ee\" data-element_type=\"container\" data-e-type=\"container\">\n\t\t\t\t\t<div class=\"e-con-inner\">\n\t\t\t\t<div class=\"elementor-element elementor-element-a4eadfb elementor-widget elementor-widget-heading\" data-id=\"a4eadfb\" data-element_type=\"widget\" data-e-type=\"widget\" data-widget_type=\"heading.default\">\n\t\t\t\t\t<h2 class=\"elementor-heading-title elementor-size-default\">Donn\u00e9es personnelles :<\/h2>\t\t\t\t<\/div>\n\t\t\t\t<div class=\"elementor-element elementor-element-78fa0b6 elementor-widget elementor-widget-text-editor\" data-id=\"78fa0b6\" data-element_type=\"widget\" data-e-type=\"widget\" data-widget_type=\"text-editor.default\">\n\t\t\t\t\t\t\t\t\t<p>Conform\u00e9ment au R\u00e8glement G\u00e9n\u00e9ral sur la Protection des Donn\u00e9es (RGPD), les informations recueillies via le site sont utilis\u00e9es uniquement dans le cadre de l\u2019organisation du salon \u00ab \u00c0 la Table du Japon \u00bb.<br \/>Vous disposez d\u2019un droit d\u2019acc\u00e8s, de rectification et de suppression de vos donn\u00e9es personnelles.<br \/>Pour exercer ce droit, contactez : <a href=\"mailto:info@alatabledujapon.com\">info@alatabledujapon.com<\/a><\/p>\t\t\t\t\t\t\t\t<\/div>\n\t\t\t\t\t<\/div>\n\t\t\t\t<\/div>\n\t\t<div class=\"elementor-element elementor-element-a1f2550 e-flex e-con-boxed e-con e-parent\" data-id=\"a1f2550\" data-element_type=\"container\" data-e-type=\"container\">\n\t\t\t\t\t<div class=\"e-con-inner\">\n\t\t\t\t<div class=\"elementor-element elementor-element-4da4ddb elementor-widget elementor-widget-heading\" data-id=\"4da4ddb\" data-element_type=\"widget\" data-e-type=\"widget\" data-widget_type=\"heading.default\">\n\t\t\t\t\t<h2 class=\"elementor-heading-title elementor-size-default\">Cookies :<\/h2>\t\t\t\t<\/div>\n\t\t\t\t<div class=\"elementor-element elementor-element-e48ce21 elementor-widget elementor-widget-text-editor\" data-id=\"e48ce21\" data-element_type=\"widget\" data-e-type=\"widget\" data-widget_type=\"text-editor.default\">\n\t\t\t\t\t\t\t\t\t<p>Le site utilise Axeptio pour g\u00e9rer les cookies et le consentement des visiteurs conform\u00e9ment au RGPD.<br \/>Les cookies permettent d\u2019am\u00e9liorer l\u2019exp\u00e9rience utilisateur et de r\u00e9aliser des statistiques de visite.<br \/>Vous pouvez g\u00e9rer vos pr\u00e9f\u00e9rences ou refuser les cookies directement via le bandeau Axeptio.<\/p>\t\t\t\t\t\t\t\t<\/div>\n\t\t\t\t\t<\/div>\n\t\t\t\t<\/div>\n\t\t<div class=\"elementor-element elementor-element-012a9ef e-flex e-con-boxed e-con e-parent\" data-id=\"012a9ef\" data-element_type=\"container\" data-e-type=\"container\">\n\t\t\t\t\t<div class=\"e-con-inner\">\n\t\t\t\t<div class=\"elementor-element elementor-element-7961219 elementor-widget elementor-widget-heading\" data-id=\"7961219\" data-element_type=\"widget\" data-e-type=\"widget\" data-widget_type=\"heading.default\">\n\t\t\t\t\t<h2 class=\"elementor-heading-title elementor-size-default\">Responsabilit\u00e9 :<\/h2>\t\t\t\t<\/div>\n\t\t\t\t<div class=\"elementor-element elementor-element-78392a0 elementor-widget elementor-widget-text-editor\" data-id=\"78392a0\" data-element_type=\"widget\" data-e-type=\"widget\" data-widget_type=\"text-editor.default\">\n\t\t\t\t\t\t\t\t\t<p><a href=\"https:\/\/sushi-robots.eu\/\">Sushi Robots<\/a> met tout en \u0153uvre pour assurer l\u2019exactitude des informations publi\u00e9es sur le site, mais ne peut garantir leur exhaustivit\u00e9.<br \/>L\u2019entreprise ne peut \u00eatre tenue responsable des dommages r\u00e9sultant d\u2019une mauvaise utilisation des informations disponibles sur le site.<\/p>\t\t\t\t\t\t\t\t<\/div>\n\t\t\t\t\t<\/div>\n\t\t\t\t<\/div>\n\t\t\t\t<\/div>","protected":false},"excerpt":{"rendered":"<p>Consultez les mentions l\u00e9gales pour conna\u00eetre les informations l\u00e9gales, conditions d&rsquo;utilisation et la protection des donn\u00e9es personnelles.<\/p>","protected":false},"author":2,"featured_media":38,"parent":0,"menu_order":0,"comment_status":"closed","ping_status":"closed","template":"","meta":{"footnotes":""},"class_list":["post-484","page","type-page","status-publish","has-post-thumbnail","hentry"],"yoast_head":"<!-- This site is optimized with the Yoast SEO plugin v27.3 - https:\/\/yoast.com\/product\/yoast-seo-wordpress\/ -->\n<title>\u00c0 LA TABLE DU JAPON : Mentions l\u00e9gales<\/title>\n<meta name=\"description\" content=\"Consultez les mentions l\u00e9gales pour conna\u00eetre les informations l\u00e9gales, conditions d&#039;utilisation et la protection des donn\u00e9es personnelles.\" \/>\n<meta name=\"robots\" content=\"index, follow, max-snippet:-1, max-image-preview:large, max-video-preview:-1\" \/>\n<link rel=\"canonical\" href=\"https:\/\/alatabledujapon.com\/ja\/mentions-legales\/\" \/>\n<meta property=\"og:locale\" content=\"ja_JP\" \/>\n<meta property=\"og:type\" content=\"article\" \/>\n<meta property=\"og:title\" content=\"\u00c0 LA TABLE DU JAPON : Mentions l\u00e9gales\" \/>\n<meta property=\"og:description\" content=\"Consultez les mentions l\u00e9gales pour conna\u00eetre les informations l\u00e9gales, conditions d&#039;utilisation et la protection des donn\u00e9es personnelles.\" \/>\n<meta property=\"og:url\" content=\"https:\/\/alatabledujapon.com\/ja\/mentions-legales\/\" \/>\n<meta property=\"og:site_name\" content=\"\u00c0 la Table du Japon\" \/>\n<meta property=\"article:modified_time\" content=\"2025-12-16T12:28:37+00:00\" \/>\n<meta property=\"og:image\" content=\"https:\/\/alatabledujapon.com\/wp-content\/uploads\/2025\/08\/photo-fond-brochure-scaled.jpg\" \/>\n\t<meta property=\"og:image:width\" content=\"2560\" \/>\n\t<meta property=\"og:image:height\" content=\"1810\" \/>\n\t<meta property=\"og:image:type\" content=\"image\/jpeg\" \/>\n<meta name=\"twitter:card\" content=\"summary_large_image\" \/>\n<meta name=\"twitter:label1\" content=\"\u63a8\u5b9a\u8aad\u307f\u53d6\u308a\u6642\u9593\" \/>\n\t<meta name=\"twitter:data1\" content=\"2\u5206\" \/>\n<script type=\"application\/ld+json\" class=\"yoast-schema-graph\">{\"@context\":\"https:\\\/\\\/schema.org\",\"@graph\":[{\"@type\":\"WebPage\",\"@id\":\"https:\\\/\\\/alatabledujapon.com\\\/mentions-legales\\\/\",\"url\":\"https:\\\/\\\/alatabledujapon.com\\\/mentions-legales\\\/\",\"name\":\"\u00c0 LA TABLE DU JAPON : Mentions l\u00e9gales\",\"isPartOf\":{\"@id\":\"https:\\\/\\\/alatabledujapon.com\\\/#website\"},\"primaryImageOfPage\":{\"@id\":\"https:\\\/\\\/alatabledujapon.com\\\/mentions-legales\\\/#primaryimage\"},\"image\":{\"@id\":\"https:\\\/\\\/alatabledujapon.com\\\/mentions-legales\\\/#primaryimage\"},\"thumbnailUrl\":\"https:\\\/\\\/alatabledujapon.com\\\/wp-content\\\/uploads\\\/2025\\\/08\\\/photo-fond-brochure-scaled.jpg\",\"datePublished\":\"2025-12-16T12:07:11+00:00\",\"dateModified\":\"2025-12-16T12:28:37+00:00\",\"description\":\"Consultez les mentions l\u00e9gales pour conna\u00eetre les informations l\u00e9gales, conditions d'utilisation et la protection des donn\u00e9es personnelles.\",\"breadcrumb\":{\"@id\":\"https:\\\/\\\/alatabledujapon.com\\\/mentions-legales\\\/#breadcrumb\"},\"inLanguage\":\"ja\",\"potentialAction\":[{\"@type\":\"ReadAction\",\"target\":[\"https:\\\/\\\/alatabledujapon.com\\\/mentions-legales\\\/\"]}]},{\"@type\":\"ImageObject\",\"inLanguage\":\"ja\",\"@id\":\"https:\\\/\\\/alatabledujapon.com\\\/mentions-legales\\\/#primaryimage\",\"url\":\"https:\\\/\\\/alatabledujapon.com\\\/wp-content\\\/uploads\\\/2025\\\/08\\\/photo-fond-brochure-scaled.jpg\",\"contentUrl\":\"https:\\\/\\\/alatabledujapon.com\\\/wp-content\\\/uploads\\\/2025\\\/08\\\/photo-fond-brochure-scaled.jpg\",\"width\":2560,\"height\":1810,\"caption\":\"Photo fond page maintenance\"},{\"@type\":\"BreadcrumbList\",\"@id\":\"https:\\\/\\\/alatabledujapon.com\\\/mentions-legales\\\/#breadcrumb\",\"itemListElement\":[{\"@type\":\"ListItem\",\"position\":1,\"name\":\"Accueil\",\"item\":\"https:\\\/\\\/alatabledujapon.com\\\/\"},{\"@type\":\"ListItem\",\"position\":2,\"name\":\"MENTIONS L\u00c9GALES\"}]},{\"@type\":\"WebSite\",\"@id\":\"https:\\\/\\\/alatabledujapon.com\\\/#website\",\"url\":\"https:\\\/\\\/alatabledujapon.com\\\/\",\"name\":\"\u00c0 la Table du Japon\",\"description\":\"\",\"publisher\":{\"@id\":\"https:\\\/\\\/alatabledujapon.com\\\/#organization\"},\"potentialAction\":[{\"@type\":\"SearchAction\",\"target\":{\"@type\":\"EntryPoint\",\"urlTemplate\":\"https:\\\/\\\/alatabledujapon.com\\\/?s={search_term_string}\"},\"query-input\":{\"@type\":\"PropertyValueSpecification\",\"valueRequired\":true,\"valueName\":\"search_term_string\"}}],\"inLanguage\":\"ja\"},{\"@type\":\"Organization\",\"@id\":\"https:\\\/\\\/alatabledujapon.com\\\/#organization\",\"name\":\"\u00c0 la Table du Japon\",\"url\":\"https:\\\/\\\/alatabledujapon.com\\\/\",\"logo\":{\"@type\":\"ImageObject\",\"inLanguage\":\"ja\",\"@id\":\"https:\\\/\\\/alatabledujapon.com\\\/#\\\/schema\\\/logo\\\/image\\\/\",\"url\":\"https:\\\/\\\/alatabledujapon.com\\\/wp-content\\\/uploads\\\/2025\\\/08\\\/logo-tabledujapon-home.png\",\"contentUrl\":\"https:\\\/\\\/alatabledujapon.com\\\/wp-content\\\/uploads\\\/2025\\\/08\\\/logo-tabledujapon-home.png\",\"width\":2069,\"height\":591,\"caption\":\"\u00c0 la Table du Japon\"},\"image\":{\"@id\":\"https:\\\/\\\/alatabledujapon.com\\\/#\\\/schema\\\/logo\\\/image\\\/\"}}]}<\/script>\n<!-- \/ Yoast SEO plugin. -->","yoast_head_json":{"title":"\u00c0 LA TABLE DU JAPON : Mentions l\u00e9gales","description":"Consultez les mentions l\u00e9gales pour conna\u00eetre les informations l\u00e9gales, conditions d'utilisation et la protection des donn\u00e9es personnelles.","robots":{"index":"index","follow":"follow","max-snippet":"max-snippet:-1","max-image-preview":"max-image-preview:large","max-video-preview":"max-video-preview:-1"},"canonical":"https:\/\/alatabledujapon.com\/ja\/mentions-legales\/","og_locale":"ja_JP","og_type":"article","og_title":"\u00c0 LA TABLE DU JAPON : Mentions l\u00e9gales","og_description":"Consultez les mentions l\u00e9gales pour conna\u00eetre les informations l\u00e9gales, conditions d'utilisation et la protection des donn\u00e9es personnelles.","og_url":"https:\/\/alatabledujapon.com\/ja\/mentions-legales\/","og_site_name":"\u00c0 la Table du Japon","article_modified_time":"2025-12-16T12:28:37+00:00","og_image":[{"width":2560,"height":1810,"url":"https:\/\/alatabledujapon.com\/wp-content\/uploads\/2025\/08\/photo-fond-brochure-scaled.jpg","type":"image\/jpeg"}],"twitter_card":"summary_large_image","twitter_misc":{"\u63a8\u5b9a\u8aad\u307f\u53d6\u308a\u6642\u9593":"2\u5206"},"schema":{"@context":"https:\/\/schema.org","@graph":[{"@type":"WebPage","@id":"https:\/\/alatabledujapon.com\/mentions-legales\/","url":"https:\/\/alatabledujapon.com\/mentions-legales\/","name":"\u00c0 LA TABLE DU JAPON : Mentions l\u00e9gales","isPartOf":{"@id":"https:\/\/alatabledujapon.com\/#website"},"primaryImageOfPage":{"@id":"https:\/\/alatabledujapon.com\/mentions-legales\/#primaryimage"},"image":{"@id":"https:\/\/alatabledujapon.com\/mentions-legales\/#primaryimage"},"thumbnailUrl":"https:\/\/alatabledujapon.com\/wp-content\/uploads\/2025\/08\/photo-fond-brochure-scaled.jpg","datePublished":"2025-12-16T12:07:11+00:00","dateModified":"2025-12-16T12:28:37+00:00","description":"Consultez les mentions l\u00e9gales pour conna\u00eetre les informations l\u00e9gales, conditions d'utilisation et la protection des donn\u00e9es personnelles.","breadcrumb":{"@id":"https:\/\/alatabledujapon.com\/mentions-legales\/#breadcrumb"},"inLanguage":"ja","potentialAction":[{"@type":"ReadAction","target":["https:\/\/alatabledujapon.com\/mentions-legales\/"]}]},{"@type":"ImageObject","inLanguage":"ja","@id":"https:\/\/alatabledujapon.com\/mentions-legales\/#primaryimage","url":"https:\/\/alatabledujapon.com\/wp-content\/uploads\/2025\/08\/photo-fond-brochure-scaled.jpg","contentUrl":"https:\/\/alatabledujapon.com\/wp-content\/uploads\/2025\/08\/photo-fond-brochure-scaled.jpg","width":2560,"height":1810,"caption":"Photo fond page maintenance"},{"@type":"BreadcrumbList","@id":"https:\/\/alatabledujapon.com\/mentions-legales\/#breadcrumb","itemListElement":[{"@type":"ListItem","position":1,"name":"Accueil","item":"https:\/\/alatabledujapon.com\/"},{"@type":"ListItem","position":2,"name":"MENTIONS L\u00c9GALES"}]},{"@type":"WebSite","@id":"https:\/\/alatabledujapon.com\/#website","url":"https:\/\/alatabledujapon.com\/","name":"\u00c0 la Table du Japon","description":"","publisher":{"@id":"https:\/\/alatabledujapon.com\/#organization"},"potentialAction":[{"@type":"SearchAction","target":{"@type":"EntryPoint","urlTemplate":"https:\/\/alatabledujapon.com\/?s={search_term_string}"},"query-input":{"@type":"PropertyValueSpecification","valueRequired":true,"valueName":"search_term_string"}}],"inLanguage":"ja"},{"@type":"Organization","@id":"https:\/\/alatabledujapon.com\/#organization","name":"\u00c0 la Table du Japon","url":"https:\/\/alatabledujapon.com\/","logo":{"@type":"ImageObject","inLanguage":"ja","@id":"https:\/\/alatabledujapon.com\/#\/schema\/logo\/image\/","url":"https:\/\/alatabledujapon.com\/wp-content\/uploads\/2025\/08\/logo-tabledujapon-home.png","contentUrl":"https:\/\/alatabledujapon.com\/wp-content\/uploads\/2025\/08\/logo-tabledujapon-home.png","width":2069,"height":591,"caption":"\u00c0 la Table du Japon"},"image":{"@id":"https:\/\/alatabledujapon.com\/#\/schema\/logo\/image\/"}}]}},"_links":{"self":[{"href":"https:\/\/alatabledujapon.com\/ja\/wp-json\/wp\/v2\/pages\/484","targetHints":{"allow":["GET"]}}],"collection":[{"href":"https:\/\/alatabledujapon.com\/ja\/wp-json\/wp\/v2\/pages"}],"about":[{"href":"https:\/\/alatabledujapon.com\/ja\/wp-json\/wp\/v2\/types\/page"}],"author":[{"embeddable":true,"href":"https:\/\/alatabledujapon.com\/ja\/wp-json\/wp\/v2\/users\/2"}],"replies":[{"embeddable":true,"href":"https:\/\/alatabledujapon.com\/ja\/wp-json\/wp\/v2\/comments?post=484"}],"version-history":[{"count":11,"href":"https:\/\/alatabledujapon.com\/ja\/wp-json\/wp\/v2\/pages\/484\/revisions"}],"predecessor-version":[{"id":507,"href":"https:\/\/alatabledujapon.com\/ja\/wp-json\/wp\/v2\/pages\/484\/revisions\/507"}],"wp:featuredmedia":[{"embeddable":true,"href":"https:\/\/alatabledujapon.com\/ja\/wp-json\/wp\/v2\/media\/38"}],"wp:attachment":[{"href":"https:\/\/alatabledujapon.com\/ja\/wp-json\/wp\/v2\/media?parent=484"}],"curies":[{"name":"wp","href":"https:\/\/api.w.org\/{rel}","templated":true}]}}