{"id":417,"date":"2025-11-28T11:00:35","date_gmt":"2025-11-28T11:00:35","guid":{"rendered":"https:\/\/alatabledujapon.com\/?page_id=417"},"modified":"2025-12-16T12:13:30","modified_gmt":"2025-12-16T12:13:30","slug":"contactez-nous","status":"publish","type":"page","link":"https:\/\/alatabledujapon.com\/ja\/contactez-nous\/","title":{"rendered":"CONTACTEZ-NOUS"},"content":{"rendered":"\t\t<div data-elementor-type=\"wp-page\" data-elementor-id=\"417\" class=\"elementor elementor-417\" data-elementor-post-type=\"page\">\n\t\t\t\t<div class=\"elementor-element elementor-element-e32ac7e e-con-full e-flex e-con e-parent\" data-id=\"e32ac7e\" data-element_type=\"container\" data-e-type=\"container\" data-settings=\"{&quot;background_background&quot;:&quot;classic&quot;}\">\n\t\t<div class=\"elementor-element elementor-element-68f93ef e-flex e-con-boxed e-con e-child\" data-id=\"68f93ef\" data-element_type=\"container\" data-e-type=\"container\">\n\t\t\t\t\t<div class=\"e-con-inner\">\n\t\t\t\t<div class=\"elementor-element elementor-element-332ff5c elementor-widget__width-initial elementor-widget elementor-widget-text-editor\" data-id=\"332ff5c\" data-element_type=\"widget\" data-e-type=\"widget\" data-widget_type=\"text-editor.default\">\n\t\t\t\t\t\t\t\t\t<p>Vous avez une question concernant l&rsquo;organisation du salon \u00c0 la Table du Japon et vous souhaitez \u00eatre contact\u00e9 par un membre de l&rsquo;\u00e9quipe ?<\/p>\t\t\t\t\t\t\t\t<\/div>\n\t\t\t\t<div class=\"elementor-element elementor-element-4e7a28b elementor-widget elementor-widget-heading\" data-id=\"4e7a28b\" data-element_type=\"widget\" data-e-type=\"widget\" data-widget_type=\"heading.default\">\n\t\t\t\t\t<h1 class=\"elementor-heading-title elementor-size-default\">CONTACTEZ-NOUS<\/h1>\t\t\t\t<\/div>\n\t\t\t\t<div class=\"elementor-element elementor-element-4e6b49d elementor-view-default elementor-widget elementor-widget-icon\" data-id=\"4e6b49d\" data-element_type=\"widget\" data-e-type=\"widget\" data-widget_type=\"icon.default\">\n\t\t\t\t\t\t\t<div class=\"elementor-icon-wrapper\">\n\t\t\t<a class=\"elementor-icon elementor-animation-hang\" href=\"#venir\">\n\t\t\t<svg xmlns=\"http:\/\/www.w3.org\/2000\/svg\" width=\"200\" height=\"200\" viewBox=\"0 0 200 200\" fill=\"none\"><path d=\"M100 0C80.2219 0 60.8879 5.8649 44.443 16.853C27.9981 27.8412 15.1809 43.459 7.61209 61.7316C0.0433283 80.0042 -1.937 100.111 1.92152 119.509C5.78004 138.907 15.3041 156.725 29.2894 170.711C43.2746 184.696 61.0929 194.22 80.491 198.078C99.8891 201.937 119.996 199.957 138.268 192.388C156.541 184.819 172.159 172.002 183.147 155.557C194.135 139.112 200 119.778 200 100C199.972 73.4869 189.427 48.0678 170.68 29.3202C151.932 10.5727 126.513 0.0279983 100 0ZM143.904 90.0577L105.442 128.519C104.728 129.234 103.88 129.802 102.946 130.189C102.012 130.576 101.011 130.775 100 130.775C98.9891 130.775 97.9882 130.576 97.0543 130.189C96.1205 129.802 95.2721 129.234 94.5577 128.519L56.0962 90.0577C54.6528 88.6143 53.8419 86.6566 53.8419 84.6154C53.8419 82.5741 54.6528 80.6164 56.0962 79.1731C57.5396 77.7297 59.4972 76.9188 61.5385 76.9188C63.5798 76.9188 65.5374 77.7297 66.9808 79.1731L100 112.202L133.019 79.1731C133.734 78.4584 134.582 77.8914 135.516 77.5046C136.45 77.1179 137.451 76.9188 138.462 76.9188C139.472 76.9188 140.473 77.1179 141.407 77.5046C142.341 77.8914 143.189 78.4584 143.904 79.1731C144.619 79.8878 145.185 80.7362 145.572 81.67C145.959 82.6038 146.158 83.6046 146.158 84.6154C146.158 85.6261 145.959 86.6269 145.572 87.5607C145.185 88.4945 144.619 89.343 143.904 90.0577Z\" fill=\"#E781B2\"><\/path><\/svg>\t\t\t<\/a>\n\t\t<\/div>\n\t\t\t\t\t\t<\/div>\n\t\t\t\t\t<\/div>\n\t\t\t\t<\/div>\n\t\t\t\t<\/div>\n\t\t<div class=\"elementor-element elementor-element-239236f e-flex e-con-boxed e-con e-parent\" data-id=\"239236f\" data-element_type=\"container\" data-e-type=\"container\">\n\t\t\t\t\t<div class=\"e-con-inner\">\n\t\t\t\t<div class=\"elementor-element elementor-element-06d22d3 elementor-widget elementor-widget-spacer\" data-id=\"06d22d3\" data-element_type=\"widget\" data-e-type=\"widget\" data-widget_type=\"spacer.default\">\n\t\t\t\t\t\t\t<div class=\"elementor-spacer\">\n\t\t\t<div class=\"elementor-spacer-inner\"><\/div>\n\t\t<\/div>\n\t\t\t\t\t\t<\/div>\n\t\t\t\t\t<\/div>\n\t\t\t\t<\/div>\n\t\t<div class=\"elementor-element elementor-element-4fb94f3 e-flex e-con-boxed e-con e-parent\" data-id=\"4fb94f3\" data-element_type=\"container\" data-e-type=\"container\">\n\t\t\t\t\t<div class=\"e-con-inner\">\n\t\t<div class=\"elementor-element elementor-element-e42e837 e-con-full e-flex e-con e-child\" data-id=\"e42e837\" data-element_type=\"container\" data-e-type=\"container\">\n\t\t\t\t<div class=\"elementor-element elementor-element-51807ca elementor-widget elementor-widget-heading\" data-id=\"51807ca\" data-element_type=\"widget\" data-e-type=\"widget\" data-widget_type=\"heading.default\">\n\t\t\t\t\t<h2 class=\"elementor-heading-title elementor-size-default\">Envoyez-nous votre demande<\/h2>\t\t\t\t<\/div>\n\t\t\t\t<div class=\"elementor-element elementor-element-08094c2 elementor-widget elementor-widget-spacer\" data-id=\"08094c2\" data-element_type=\"widget\" data-e-type=\"widget\" data-widget_type=\"spacer.default\">\n\t\t\t\t\t\t\t<div class=\"elementor-spacer\">\n\t\t\t<div class=\"elementor-spacer-inner\"><\/div>\n\t\t<\/div>\n\t\t\t\t\t\t<\/div>\n\t\t\t\t<div class=\"elementor-element elementor-element-e88ec2d elementor-widget elementor-widget-shortcode\" data-id=\"e88ec2d\" data-element_type=\"widget\" data-e-type=\"widget\" data-widget_type=\"shortcode.default\">\n\t\t\t\t\t\t\t<div class=\"elementor-shortcode\"><div class='fluentform ff-default fluentform_wrapper_5 ffs_default_wrap'><form data-form_id=\"5\" id=\"fluentform_5\" class=\"frm-fluent-form fluent_form_5 ff-el-form-top ff_form_instance_5_1 ff-form-loading ff_has_v3_recptcha ffs_default\" data-form_instance=\"ff_form_instance_5_1\" method=\"POST\" data-recptcha_key=\"6Lfr7hosAAAAAChWmPKcQikNeWGBe5_nilDieLVM\" ><fieldset  style=\"border: none!important;margin: 0!important;padding: 0!important;background-color: transparent!important;box-shadow: none!important;outline: none!important; min-inline-size: 100%;\">\n                    <legend class=\"ff_screen_reader_title\" style=\"display: block; margin: 0!important;padding: 0!important;height: 0!important;text-indent: -999999px;width: 0!important;overflow:hidden;\">Contact<\/legend><input type='hidden' name='__fluent_form_embded_post_id' value='417' \/><input type=\"hidden\" id=\"_fluentform_5_fluentformnonce\" name=\"_fluentform_5_fluentformnonce\" value=\"995c47aaa2\" \/><input type=\"hidden\" name=\"_wp_http_referer\" value=\"\/ja\/wp-json\/wp\/v2\/pages\/417\" \/><div data-type=\"name-element\" data-name=\"names\" class=\" ff-field_container ff-name-field-wrapper\" ><div class='ff-t-container'><div class='ff-t-cell '><div class='ff-el-group'><div class=\"ff-el-input--label ff-el-is-required asterisk-right\"><label for='ff_5_names_first_name_' id='label_ff_5_names_first_name_' >Pr\u00e9nom<\/label><\/div><div class='ff-el-input--content'><input type=\"text\" name=\"names[first_name]\" id=\"ff_5_names_first_name_\" class=\"ff-el-form-control\" placeholder=\"Pr\u00e9nom\" aria-invalid=\"false\" aria-required=true><\/div><\/div><\/div><div class='ff-t-cell '><div class='ff-el-group'><div class=\"ff-el-input--label ff-el-is-required asterisk-right\"><label for='ff_5_names_last_name_' id='label_ff_5_names_last_name_' >Nom<\/label><\/div><div class='ff-el-input--content'><input type=\"text\" name=\"names[last_name]\" id=\"ff_5_names_last_name_\" class=\"ff-el-form-control\" placeholder=\"Nom\" aria-invalid=\"false\" aria-required=true><\/div><\/div><\/div><\/div><\/div><div class='ff-el-group'><div class=\"ff-el-input--label ff-el-is-required asterisk-right\"><label for='ff_5_input_text' id='label_ff_5_input_text' aria-label=\"T\u00e9l\u00e9phone\">T\u00e9l\u00e9phone<\/label><\/div><div class='ff-el-input--content'><input type=\"text\" name=\"input_text\" class=\"ff-el-form-control\" placeholder=\"+33 5 05 05 05 05\" data-name=\"input_text\" id=\"ff_5_input_text\"  aria-invalid=\"false\" aria-required=true><\/div><\/div><div class='ff-el-group'><div class=\"ff-el-input--label ff-el-is-required asterisk-right\"><label for='ff_5_email_1' id='label_ff_5_email_1' aria-label=\"Email\">Email<\/label><\/div><div class='ff-el-input--content'><input type=\"email\" name=\"email_1\" id=\"ff_5_email_1\" class=\"ff-el-form-control\" placeholder=\"Adresse email\" data-name=\"email_1\"  aria-invalid=\"false\" aria-required=true><\/div><\/div><div class='ff-el-group'><div class=\"ff-el-input--label ff-el-is-required asterisk-right\"><label for='ff_5_message' id='label_ff_5_message' aria-label=\"Votre message\">Votre message<\/label><\/div><div class='ff-el-input--content'><textarea aria-required=\"true\" aria-labelledby=\"label_ff_5_message\" name=\"message\" id=\"ff_5_message\" class=\"ff-el-form-control\" placeholder=\"Je souhaiterais avoir des renseignements sur...\" rows=\"4\" cols=\"2\" data-name=\"message\" ><\/textarea><\/div><\/div><div class='ff-el-group ff-text-left ff_submit_btn_wrapper'><button type=\"submit\" class=\"ff-btn ff-btn-submit ff-btn-md ff_btn_style\"  aria-label=\"Envoyer\">Envoyer<\/button><\/div><\/fieldset><\/form><div id='fluentform_5_errors' class='ff-errors-in-stack ff_form_instance_5_1 ff-form-loading_errors ff_form_instance_5_1_errors'><\/div><\/div>            <script type=\"text\/javascript\">\n                window.fluent_form_ff_form_instance_5_1 = {\"id\":\"5\",\"settings\":{\"layout\":{\"labelPlacement\":\"top\",\"asteriskPlacement\":\"asterisk-right\",\"helpMessagePlacement\":\"with_label\",\"errorMessagePlacement\":\"inline\",\"cssClassName\":\"\"},\"restrictions\":{\"denyEmptySubmission\":{\"enabled\":false}}},\"form_instance\":\"ff_form_instance_5_1\",\"form_id_selector\":\"fluentform_5\",\"rules\":{\"names[first_name]\":{\"required\":{\"value\":true,\"message\":\"Ce champ est obligatoire\",\"global\":true,\"global_message\":\"Ce champ est obligatoire\"}},\"names[middle_name]\":{\"required\":{\"value\":false,\"message\":\"Ce champ est obligatoire\",\"global\":true,\"global_message\":\"Ce champ est obligatoire\"}},\"names[last_name]\":{\"required\":{\"value\":true,\"message\":\"Ce champ est obligatoire\",\"global\":true,\"global_message\":\"Ce champ est obligatoire\"}},\"input_text\":{\"required\":{\"value\":true,\"message\":\"Ce champ est obligatoire\",\"global_message\":\"Ce champ est obligatoire\",\"global\":true}},\"email_1\":{\"required\":{\"value\":true,\"message\":\"Ce champ est obligatoire\",\"global\":true,\"global_message\":\"Ce champ est obligatoire\"},\"email\":{\"value\":true,\"message\":\"Ce champ doit contenir un e-mail valide\",\"global\":true,\"global_message\":\"Ce champ doit contenir un e-mail valide\"}},\"message\":{\"required\":{\"value\":true,\"message\":\"Ce champ est obligatoire\",\"global\":true,\"global_message\":\"Ce champ est obligatoire\"}},\"g-recaptcha-response\":[]},\"debounce_time\":300};\n                            <\/script>\n            <\/div>\n\t\t\t\t\t\t<\/div>\n\t\t\t\t<\/div>\n\t\t\t\t\t<\/div>\n\t\t\t\t<\/div>\n\t\t\t\t<\/div>\n\t\t","protected":false},"excerpt":{"rendered":"<p>Vous avez une question concernant l&rsquo;organisation du salon \u00c0 la Table du Japon et vous souhaitez \u00eatre contact\u00e9 par un membre de l&rsquo;\u00e9quipe ?<\/p>","protected":false},"author":2,"featured_media":286,"parent":0,"menu_order":0,"comment_status":"closed","ping_status":"closed","template":"","meta":{"footnotes":""},"class_list":["post-417","page","type-page","status-publish","has-post-thumbnail","hentry"],"yoast_head":"<!-- This site is optimized with the Yoast SEO plugin v27.3 - https:\/\/yoast.com\/product\/yoast-seo-wordpress\/ -->\n<title>\u00c0 LA TABLE DU JAPON : Contactez-nous<\/title>\n<meta name=\"description\" content=\"Vous avez une question concernant l&#039;organisation du salon \u00c0 la Table du Japon et vous souhaitez \u00eatre contact\u00e9 par un membre de l&#039;\u00e9quipe ?\" \/>\n<meta name=\"robots\" content=\"index, follow, max-snippet:-1, max-image-preview:large, max-video-preview:-1\" \/>\n<link rel=\"canonical\" href=\"https:\/\/alatabledujapon.com\/ja\/contactez-nous\/\" \/>\n<meta property=\"og:locale\" content=\"ja_JP\" \/>\n<meta property=\"og:type\" content=\"article\" \/>\n<meta property=\"og:title\" content=\"\u00c0 LA TABLE DU JAPON : Contactez-nous\" \/>\n<meta property=\"og:description\" content=\"Vous avez une question concernant l&#039;organisation du salon \u00c0 la Table du Japon et vous souhaitez \u00eatre contact\u00e9 par un membre de l&#039;\u00e9quipe ?\" \/>\n<meta property=\"og:url\" content=\"https:\/\/alatabledujapon.com\/ja\/contactez-nous\/\" \/>\n<meta property=\"og:site_name\" content=\"\u00c0 la Table du Japon\" \/>\n<meta property=\"article:modified_time\" content=\"2025-12-16T12:13:30+00:00\" \/>\n<meta property=\"og:image\" content=\"https:\/\/alatabledujapon.com\/wp-content\/uploads\/2025\/11\/img-espace-partenaires-2.jpg\" \/>\n\t<meta property=\"og:image:width\" content=\"768\" \/>\n\t<meta property=\"og:image:height\" content=\"576\" \/>\n\t<meta property=\"og:image:type\" content=\"image\/jpeg\" \/>\n<meta name=\"twitter:card\" content=\"summary_large_image\" \/>\n<meta name=\"twitter:label1\" content=\"\u63a8\u5b9a\u8aad\u307f\u53d6\u308a\u6642\u9593\" \/>\n\t<meta name=\"twitter:data1\" content=\"1\u5206\" \/>\n<script type=\"application\/ld+json\" class=\"yoast-schema-graph\">{\"@context\":\"https:\\\/\\\/schema.org\",\"@graph\":[{\"@type\":\"WebPage\",\"@id\":\"https:\\\/\\\/alatabledujapon.com\\\/contactez-nous\\\/\",\"url\":\"https:\\\/\\\/alatabledujapon.com\\\/contactez-nous\\\/\",\"name\":\"\u00c0 LA TABLE DU JAPON : Contactez-nous\",\"isPartOf\":{\"@id\":\"https:\\\/\\\/alatabledujapon.com\\\/#website\"},\"primaryImageOfPage\":{\"@id\":\"https:\\\/\\\/alatabledujapon.com\\\/contactez-nous\\\/#primaryimage\"},\"image\":{\"@id\":\"https:\\\/\\\/alatabledujapon.com\\\/contactez-nous\\\/#primaryimage\"},\"thumbnailUrl\":\"https:\\\/\\\/alatabledujapon.com\\\/wp-content\\\/uploads\\\/2025\\\/11\\\/img-espace-partenaires-2.jpg\",\"datePublished\":\"2025-11-28T11:00:35+00:00\",\"dateModified\":\"2025-12-16T12:13:30+00:00\",\"description\":\"Vous avez une question concernant l'organisation du salon \u00c0 la Table du Japon et vous souhaitez \u00eatre contact\u00e9 par un membre de l'\u00e9quipe ?\",\"breadcrumb\":{\"@id\":\"https:\\\/\\\/alatabledujapon.com\\\/contactez-nous\\\/#breadcrumb\"},\"inLanguage\":\"ja\",\"potentialAction\":[{\"@type\":\"ReadAction\",\"target\":[\"https:\\\/\\\/alatabledujapon.com\\\/contactez-nous\\\/\"]}]},{\"@type\":\"ImageObject\",\"inLanguage\":\"ja\",\"@id\":\"https:\\\/\\\/alatabledujapon.com\\\/contactez-nous\\\/#primaryimage\",\"url\":\"https:\\\/\\\/alatabledujapon.com\\\/wp-content\\\/uploads\\\/2025\\\/11\\\/img-espace-partenaires-2.jpg\",\"contentUrl\":\"https:\\\/\\\/alatabledujapon.com\\\/wp-content\\\/uploads\\\/2025\\\/11\\\/img-espace-partenaires-2.jpg\",\"width\":768,\"height\":576,\"caption\":\"Image espace partenaires 2\"},{\"@type\":\"BreadcrumbList\",\"@id\":\"https:\\\/\\\/alatabledujapon.com\\\/contactez-nous\\\/#breadcrumb\",\"itemListElement\":[{\"@type\":\"ListItem\",\"position\":1,\"name\":\"Accueil\",\"item\":\"https:\\\/\\\/alatabledujapon.com\\\/\"},{\"@type\":\"ListItem\",\"position\":2,\"name\":\"CONTACTEZ-NOUS\"}]},{\"@type\":\"WebSite\",\"@id\":\"https:\\\/\\\/alatabledujapon.com\\\/#website\",\"url\":\"https:\\\/\\\/alatabledujapon.com\\\/\",\"name\":\"\u00c0 la Table du Japon\",\"description\":\"\",\"publisher\":{\"@id\":\"https:\\\/\\\/alatabledujapon.com\\\/#organization\"},\"potentialAction\":[{\"@type\":\"SearchAction\",\"target\":{\"@type\":\"EntryPoint\",\"urlTemplate\":\"https:\\\/\\\/alatabledujapon.com\\\/?s={search_term_string}\"},\"query-input\":{\"@type\":\"PropertyValueSpecification\",\"valueRequired\":true,\"valueName\":\"search_term_string\"}}],\"inLanguage\":\"ja\"},{\"@type\":\"Organization\",\"@id\":\"https:\\\/\\\/alatabledujapon.com\\\/#organization\",\"name\":\"\u00c0 la Table du Japon\",\"url\":\"https:\\\/\\\/alatabledujapon.com\\\/\",\"logo\":{\"@type\":\"ImageObject\",\"inLanguage\":\"ja\",\"@id\":\"https:\\\/\\\/alatabledujapon.com\\\/#\\\/schema\\\/logo\\\/image\\\/\",\"url\":\"https:\\\/\\\/alatabledujapon.com\\\/wp-content\\\/uploads\\\/2025\\\/08\\\/logo-tabledujapon-home.png\",\"contentUrl\":\"https:\\\/\\\/alatabledujapon.com\\\/wp-content\\\/uploads\\\/2025\\\/08\\\/logo-tabledujapon-home.png\",\"width\":2069,\"height\":591,\"caption\":\"\u00c0 la Table du Japon\"},\"image\":{\"@id\":\"https:\\\/\\\/alatabledujapon.com\\\/#\\\/schema\\\/logo\\\/image\\\/\"}}]}<\/script>\n<!-- \/ Yoast SEO plugin. -->","yoast_head_json":{"title":"\u00c0 LA TABLE DU JAPON : Contactez-nous","description":"Vous avez une question concernant l'organisation du salon \u00c0 la Table du Japon et vous souhaitez \u00eatre contact\u00e9 par un membre de l'\u00e9quipe ?","robots":{"index":"index","follow":"follow","max-snippet":"max-snippet:-1","max-image-preview":"max-image-preview:large","max-video-preview":"max-video-preview:-1"},"canonical":"https:\/\/alatabledujapon.com\/ja\/contactez-nous\/","og_locale":"ja_JP","og_type":"article","og_title":"\u00c0 LA TABLE DU JAPON : Contactez-nous","og_description":"Vous avez une question concernant l'organisation du salon \u00c0 la Table du Japon et vous souhaitez \u00eatre contact\u00e9 par un membre de l'\u00e9quipe ?","og_url":"https:\/\/alatabledujapon.com\/ja\/contactez-nous\/","og_site_name":"\u00c0 la Table du Japon","article_modified_time":"2025-12-16T12:13:30+00:00","og_image":[{"width":768,"height":576,"url":"https:\/\/alatabledujapon.com\/wp-content\/uploads\/2025\/11\/img-espace-partenaires-2.jpg","type":"image\/jpeg"}],"twitter_card":"summary_large_image","twitter_misc":{"\u63a8\u5b9a\u8aad\u307f\u53d6\u308a\u6642\u9593":"1\u5206"},"schema":{"@context":"https:\/\/schema.org","@graph":[{"@type":"WebPage","@id":"https:\/\/alatabledujapon.com\/contactez-nous\/","url":"https:\/\/alatabledujapon.com\/contactez-nous\/","name":"\u00c0 LA TABLE DU JAPON : Contactez-nous","isPartOf":{"@id":"https:\/\/alatabledujapon.com\/#website"},"primaryImageOfPage":{"@id":"https:\/\/alatabledujapon.com\/contactez-nous\/#primaryimage"},"image":{"@id":"https:\/\/alatabledujapon.com\/contactez-nous\/#primaryimage"},"thumbnailUrl":"https:\/\/alatabledujapon.com\/wp-content\/uploads\/2025\/11\/img-espace-partenaires-2.jpg","datePublished":"2025-11-28T11:00:35+00:00","dateModified":"2025-12-16T12:13:30+00:00","description":"Vous avez une question concernant l'organisation du salon \u00c0 la Table du Japon et vous souhaitez \u00eatre contact\u00e9 par un membre de l'\u00e9quipe ?","breadcrumb":{"@id":"https:\/\/alatabledujapon.com\/contactez-nous\/#breadcrumb"},"inLanguage":"ja","potentialAction":[{"@type":"ReadAction","target":["https:\/\/alatabledujapon.com\/contactez-nous\/"]}]},{"@type":"ImageObject","inLanguage":"ja","@id":"https:\/\/alatabledujapon.com\/contactez-nous\/#primaryimage","url":"https:\/\/alatabledujapon.com\/wp-content\/uploads\/2025\/11\/img-espace-partenaires-2.jpg","contentUrl":"https:\/\/alatabledujapon.com\/wp-content\/uploads\/2025\/11\/img-espace-partenaires-2.jpg","width":768,"height":576,"caption":"Image espace partenaires 2"},{"@type":"BreadcrumbList","@id":"https:\/\/alatabledujapon.com\/contactez-nous\/#breadcrumb","itemListElement":[{"@type":"ListItem","position":1,"name":"Accueil","item":"https:\/\/alatabledujapon.com\/"},{"@type":"ListItem","position":2,"name":"CONTACTEZ-NOUS"}]},{"@type":"WebSite","@id":"https:\/\/alatabledujapon.com\/#website","url":"https:\/\/alatabledujapon.com\/","name":"\u00c0 la Table du Japon","description":"","publisher":{"@id":"https:\/\/alatabledujapon.com\/#organization"},"potentialAction":[{"@type":"SearchAction","target":{"@type":"EntryPoint","urlTemplate":"https:\/\/alatabledujapon.com\/?s={search_term_string}"},"query-input":{"@type":"PropertyValueSpecification","valueRequired":true,"valueName":"search_term_string"}}],"inLanguage":"ja"},{"@type":"Organization","@id":"https:\/\/alatabledujapon.com\/#organization","name":"\u00c0 la Table du Japon","url":"https:\/\/alatabledujapon.com\/","logo":{"@type":"ImageObject","inLanguage":"ja","@id":"https:\/\/alatabledujapon.com\/#\/schema\/logo\/image\/","url":"https:\/\/alatabledujapon.com\/wp-content\/uploads\/2025\/08\/logo-tabledujapon-home.png","contentUrl":"https:\/\/alatabledujapon.com\/wp-content\/uploads\/2025\/08\/logo-tabledujapon-home.png","width":2069,"height":591,"caption":"\u00c0 la Table du Japon"},"image":{"@id":"https:\/\/alatabledujapon.com\/#\/schema\/logo\/image\/"}}]}},"_links":{"self":[{"href":"https:\/\/alatabledujapon.com\/ja\/wp-json\/wp\/v2\/pages\/417","targetHints":{"allow":["GET"]}}],"collection":[{"href":"https:\/\/alatabledujapon.com\/ja\/wp-json\/wp\/v2\/pages"}],"about":[{"href":"https:\/\/alatabledujapon.com\/ja\/wp-json\/wp\/v2\/types\/page"}],"author":[{"embeddable":true,"href":"https:\/\/alatabledujapon.com\/ja\/wp-json\/wp\/v2\/users\/2"}],"replies":[{"embeddable":true,"href":"https:\/\/alatabledujapon.com\/ja\/wp-json\/wp\/v2\/comments?post=417"}],"version-history":[{"count":5,"href":"https:\/\/alatabledujapon.com\/ja\/wp-json\/wp\/v2\/pages\/417\/revisions"}],"predecessor-version":[{"id":494,"href":"https:\/\/alatabledujapon.com\/ja\/wp-json\/wp\/v2\/pages\/417\/revisions\/494"}],"wp:featuredmedia":[{"embeddable":true,"href":"https:\/\/alatabledujapon.com\/ja\/wp-json\/wp\/v2\/media\/286"}],"wp:attachment":[{"href":"https:\/\/alatabledujapon.com\/ja\/wp-json\/wp\/v2\/media?parent=417"}],"curies":[{"name":"wp","href":"https:\/\/api.w.org\/{rel}","templated":true}]}}