{"id":508,"date":"2025-12-16T12:31:18","date_gmt":"2025-12-16T12:31:18","guid":{"rendered":"https:\/\/alatabledujapon.com\/?page_id=508"},"modified":"2025-12-16T13:55:15","modified_gmt":"2025-12-16T13:55:15","slug":"politique-confidentitalite","status":"publish","type":"page","link":"https:\/\/alatabledujapon.com\/es\/politique-confidentitalite\/","title":{"rendered":"POL\u00cdTICA DE PRIVACIDAD"},"content":{"rendered":"<div data-elementor-type=\"wp-page\" data-elementor-id=\"508\" class=\"elementor elementor-508\" data-elementor-post-type=\"page\">\n\t\t\t\t<div class=\"elementor-element elementor-element-e32ac7e e-con-full e-flex e-con e-parent\" data-id=\"e32ac7e\" data-element_type=\"container\" data-e-type=\"container\" data-settings=\"{&quot;background_background&quot;:&quot;classic&quot;}\">\n\t\t<div class=\"elementor-element elementor-element-b88b281 e-flex e-con-boxed e-con e-child\" data-id=\"b88b281\" data-element_type=\"container\" data-e-type=\"container\" data-settings=\"{&quot;background_background&quot;:&quot;classic&quot;}\">\n\t\t\t\t\t<div class=\"e-con-inner\">\n\t\t<div class=\"elementor-element elementor-element-3b90fcd e-con-full e-flex e-con e-child\" data-id=\"3b90fcd\" data-element_type=\"container\" data-e-type=\"container\">\n\t\t\t\t<div class=\"elementor-element elementor-element-4e7a28b elementor-widget elementor-widget-heading\" data-id=\"4e7a28b\" data-element_type=\"widget\" data-e-type=\"widget\" data-widget_type=\"heading.default\">\n\t\t\t\t\t<h1 class=\"elementor-heading-title elementor-size-default\">POL\u00cdTICA DE PRIVACIDAD<\/h1>\t\t\t\t<\/div>\n\t\t\t\t<div class=\"elementor-element elementor-element-332ff5c elementor-widget elementor-widget-text-editor\" data-id=\"332ff5c\" data-element_type=\"widget\" data-e-type=\"widget\" data-widget_type=\"text-editor.default\">\n\t\t\t\t\t\t\t\t\t<p>Consulte la pol\u00edtica de privacidad para saber c\u00f3mo recogemos, utilizamos y protegemos sus datos personales.<\/p>\t\t\t\t\t\t\t\t<\/div>\n\t\t\t\t<\/div>\n\t\t\t\t\t<\/div>\n\t\t\t\t<\/div>\n\t\t\t\t<\/div>\n\t\t<div class=\"elementor-element elementor-element-11ecc0a e-flex e-con-boxed e-con e-parent\" data-id=\"11ecc0a\" data-element_type=\"container\" data-e-type=\"container\">\n\t\t\t\t\t<div class=\"e-con-inner\">\n\t\t\t\t<div class=\"elementor-element elementor-element-5fcc2e9 elementor-widget elementor-widget-heading\" data-id=\"5fcc2e9\" data-element_type=\"widget\" data-e-type=\"widget\" data-widget_type=\"heading.default\">\n\t\t\t\t\t<h2 class=\"elementor-heading-title elementor-size-default\">1. Controlador de datos :<\/h2>\t\t\t\t<\/div>\n\t\t\t\t<div class=\"elementor-element elementor-element-97712e0 elementor-widget elementor-widget-text-editor\" data-id=\"97712e0\" data-element_type=\"widget\" data-e-type=\"widget\" data-widget_type=\"text-editor.default\">\n\t\t\t\t\t\t\t\t\t<p>Para los datos personales recogidos en el marco de la creaci\u00f3n de la cuenta personal del usuario y de su navegaci\u00f3n en el sitio, el responsable del tratamiento de los datos personales es: \u00c0 LA TABLE DU JAPON representada por TOUCHAIS ALICE, su representante legal.<\/p><p><a href=\"https:\/\/sushi-robots.eu\/\">Robots Sushi<\/a><br \/>Direcci\u00f3n: 21 rue Lavoisier 17139 Aytr\u00e9<br \/>Correo electr\u00f3nico : <a href=\"mailto:info@sushi-robots.eu\">info@sushi-robots.eu<\/a><br \/>Tel\u00e9fono: +33 5 16 07 39 09<\/p>\t\t\t\t\t\t\t\t<\/div>\n\t\t\t\t\t<\/div>\n\t\t\t\t<\/div>\n\t\t<div class=\"elementor-element elementor-element-fb1199e e-flex e-con-boxed e-con e-parent\" data-id=\"fb1199e\" data-element_type=\"container\" data-e-type=\"container\">\n\t\t\t\t\t<div class=\"e-con-inner\">\n\t\t\t\t<div class=\"elementor-element elementor-element-d6ec18d elementor-widget elementor-widget-heading\" data-id=\"d6ec18d\" data-element_type=\"widget\" data-e-type=\"widget\" data-widget_type=\"heading.default\">\n\t\t\t\t\t<h2 class=\"elementor-heading-title elementor-size-default\">2. Datos recogidos :<\/h2>\t\t\t\t<\/div>\n\t\t\t\t<div class=\"elementor-element elementor-element-ffc8bfa elementor-widget elementor-widget-text-editor\" data-id=\"ffc8bfa\" data-element_type=\"widget\" data-e-type=\"widget\" data-widget_type=\"text-editor.default\">\n\t\t\t\t\t\t\t\t\t<p>Cuando navega por el sitio o se registra en la exposici\u00f3n, recopilamos :<br \/><br \/>Nombre y apellidos<br \/>Correo electr\u00f3nico<br \/>N\u00famero de tel\u00e9fono<br \/>Informaci\u00f3n sobre la inscripci\u00f3n o la venta de entradas (n\u00famero de entradas, categor\u00edas, historial de compras)<br \/>Direcci\u00f3n de facturaci\u00f3n e informaci\u00f3n necesaria para la facturaci\u00f3n (para participantes profesionales o compras de grupo)<br \/>Datos de navegaci\u00f3n del sitio (cookies, estad\u00edsticas, preferencias)<\/p><p>Los datos bancarios completos nunca se almacenan en nuestro sitio web. Son gestionados exclusivamente por el proveedor de servicios de pago seguro utilizado para la venta de entradas (por ejemplo, Odoo, Stripe, PayPal).<\/p>\t\t\t\t\t\t\t\t<\/div>\n\t\t\t\t\t<\/div>\n\t\t\t\t<\/div>\n\t\t<div class=\"elementor-element elementor-element-b7b6768 e-flex e-con-boxed e-con e-parent\" data-id=\"b7b6768\" data-element_type=\"container\" data-e-type=\"container\">\n\t\t\t\t\t<div class=\"e-con-inner\">\n\t\t\t\t<div class=\"elementor-element elementor-element-dd6c8d7 elementor-widget elementor-widget-heading\" data-id=\"dd6c8d7\" data-element_type=\"widget\" data-e-type=\"widget\" data-widget_type=\"heading.default\">\n\t\t\t\t\t<h2 class=\"elementor-heading-title elementor-size-default\">3. Finalidad del tratamiento :<\/h2>\t\t\t\t<\/div>\n\t\t\t\t<div class=\"elementor-element elementor-element-1045d0f elementor-widget elementor-widget-text-editor\" data-id=\"1045d0f\" data-element_type=\"widget\" data-e-type=\"widget\" data-widget_type=\"text-editor.default\">\n\t\t\t\t\t\t\t\t\t<p>Los datos personales se utilizan para :<br \/>Tramitar inscripciones y compras de entradas en l\u00ednea<br \/>Enviar entradas y confirmaciones de inscripci\u00f3n<br \/>Gestionar las devoluciones o los cambios en caso necesario<br \/>Comunicar informaci\u00f3n sobre el espect\u00e1culo<br \/>Mejorar la experiencia del usuario en el sitio<br \/>Analizar las estad\u00edsticas de tr\u00e1fico del sitio<\/p>\t\t\t\t\t\t\t\t<\/div>\n\t\t\t\t\t<\/div>\n\t\t\t\t<\/div>\n\t\t<div class=\"elementor-element elementor-element-6c3e2ee e-flex e-con-boxed e-con e-parent\" data-id=\"6c3e2ee\" data-element_type=\"container\" data-e-type=\"container\">\n\t\t\t\t\t<div class=\"e-con-inner\">\n\t\t\t\t<div class=\"elementor-element elementor-element-a4eadfb elementor-widget elementor-widget-heading\" data-id=\"a4eadfb\" data-element_type=\"widget\" data-e-type=\"widget\" data-widget_type=\"heading.default\">\n\t\t\t\t\t<h2 class=\"elementor-heading-title elementor-size-default\">4. Intercambio de datos :<\/h2>\t\t\t\t<\/div>\n\t\t\t\t<div class=\"elementor-element elementor-element-78fa0b6 elementor-widget elementor-widget-text-editor\" data-id=\"78fa0b6\" data-element_type=\"widget\" data-e-type=\"widget\" data-widget_type=\"text-editor.default\">\n\t\t\t\t\t\t\t\t\t<p>Sus datos no se vender\u00e1n a terceros. S\u00f3lo se compartir\u00e1n con :<br \/>Proveedores de servicios de venta de entradas y pago (Odoo, Stripe, PayPal, etc.)<br \/>Colaboradores t\u00e9cnicos en la organizaci\u00f3n del sal\u00f3n<br \/>Autoridades judiciales si as\u00ed lo exige la ley.<\/p>\t\t\t\t\t\t\t\t<\/div>\n\t\t\t\t\t<\/div>\n\t\t\t\t<\/div>\n\t\t<div class=\"elementor-element elementor-element-a1f2550 e-flex e-con-boxed e-con e-parent\" data-id=\"a1f2550\" data-element_type=\"container\" data-e-type=\"container\">\n\t\t\t\t\t<div class=\"e-con-inner\">\n\t\t\t\t<div class=\"elementor-element elementor-element-4da4ddb elementor-widget elementor-widget-heading\" data-id=\"4da4ddb\" data-element_type=\"widget\" data-e-type=\"widget\" data-widget_type=\"heading.default\">\n\t\t\t\t\t<h2 class=\"elementor-heading-title elementor-size-default\">5. 5. Vida \u00fatil<\/h2>\t\t\t\t<\/div>\n\t\t\t\t<div class=\"elementor-element elementor-element-e48ce21 elementor-widget elementor-widget-text-editor\" data-id=\"e48ce21\" data-element_type=\"widget\" data-e-type=\"widget\" data-widget_type=\"text-editor.default\">\n\t\t\t\t\t\t\t\t\t<p>La informaci\u00f3n sobre entradas y facturaci\u00f3n puede conservarse hasta 10 a\u00f1os por motivos legales y contables.<br \/>La informaci\u00f3n de marketing (boletines, promociones) se conserva durante 3 a\u00f1os despu\u00e9s del \u00faltimo contacto.<br \/>La informaci\u00f3n de navegaci\u00f3n (cookies, estad\u00edsticas) se conserva durante el periodo definido por las herramientas utilizadas (por ejemplo, Axeptio).<\/p>\t\t\t\t\t\t\t\t<\/div>\n\t\t\t\t\t<\/div>\n\t\t\t\t<\/div>\n\t\t<div class=\"elementor-element elementor-element-012a9ef e-flex e-con-boxed e-con e-parent\" data-id=\"012a9ef\" data-element_type=\"container\" data-e-type=\"container\">\n\t\t\t\t\t<div class=\"e-con-inner\">\n\t\t\t\t<div class=\"elementor-element elementor-element-7961219 elementor-widget elementor-widget-heading\" data-id=\"7961219\" data-element_type=\"widget\" data-e-type=\"widget\" data-widget_type=\"heading.default\">\n\t\t\t\t\t<h2 class=\"elementor-heading-title elementor-size-default\">6. Sus derechos<\/h2>\t\t\t\t<\/div>\n\t\t\t\t<div class=\"elementor-element elementor-element-78392a0 elementor-widget elementor-widget-text-editor\" data-id=\"78392a0\" data-element_type=\"widget\" data-e-type=\"widget\" data-widget_type=\"text-editor.default\">\n\t\t\t\t\t\t\t\t\t<p>De acuerdo con el RGPD, usted tiene :<br \/>Derecho de acceso a sus datos<br \/>Derecho de rectificaci\u00f3n o supresi\u00f3n<br \/>Derecho a limitar el tratamiento<br \/>Derecho a la portabilidad<br \/>Derecho a oponerse al tratamiento<br \/>Para ejercer sus derechos, p\u00f3ngase en contacto con nosotros en <a href=\"mailto:info@alatabledujapon.com\">info@alatabledujapon.com<\/a><\/p>\t\t\t\t\t\t\t\t<\/div>\n\t\t\t\t\t<\/div>\n\t\t\t\t<\/div>\n\t\t<div class=\"elementor-element elementor-element-fe65b08 e-flex e-con-boxed e-con e-parent\" data-id=\"fe65b08\" data-element_type=\"container\" data-e-type=\"container\">\n\t\t\t\t\t<div class=\"e-con-inner\">\n\t\t\t\t<div class=\"elementor-element elementor-element-91b662b elementor-widget elementor-widget-heading\" data-id=\"91b662b\" data-element_type=\"widget\" data-e-type=\"widget\" data-widget_type=\"heading.default\">\n\t\t\t\t\t<h2 class=\"elementor-heading-title elementor-size-default\">7. Cookies y seguimiento<\/h2>\t\t\t\t<\/div>\n\t\t\t\t<div class=\"elementor-element elementor-element-e1e6d11 elementor-widget elementor-widget-text-editor\" data-id=\"e1e6d11\" data-element_type=\"widget\" data-e-type=\"widget\" data-widget_type=\"text-editor.default\">\n\t\t\t\t\t\t\t\t\t<p>El sitio utiliza Axeptio para gestionar el consentimiento a las cookies y realizar un seguimiento de las preferencias de los visitantes.<br \/>Las cookies se utilizan para :<br \/>Mejorar la experiencia del usuario<br \/>Elaborar estad\u00edsticas de visitas<br \/>Gestionar el servicio de venta de entradas en l\u00ednea<br \/>Puede cambiar sus opciones en cualquier momento a trav\u00e9s del banner de Axeptio.<\/p>\t\t\t\t\t\t\t\t<\/div>\n\t\t\t\t\t<\/div>\n\t\t\t\t<\/div>\n\t\t<div class=\"elementor-element elementor-element-ed63e35 e-flex e-con-boxed e-con e-parent\" data-id=\"ed63e35\" data-element_type=\"container\" data-e-type=\"container\">\n\t\t\t\t\t<div class=\"e-con-inner\">\n\t\t\t\t<div class=\"elementor-element elementor-element-3b46fc4 elementor-widget elementor-widget-heading\" data-id=\"3b46fc4\" data-element_type=\"widget\" data-e-type=\"widget\" data-widget_type=\"heading.default\">\n\t\t\t\t\t<h2 class=\"elementor-heading-title elementor-size-default\">8. 8. Seguridad de los datos<\/h2>\t\t\t\t<\/div>\n\t\t\t\t<div class=\"elementor-element elementor-element-464a1f2 elementor-widget elementor-widget-text-editor\" data-id=\"464a1f2\" data-element_type=\"widget\" data-e-type=\"widget\" data-widget_type=\"text-editor.default\">\n\t\t\t\t\t\t\t\t\t<p>Nous mettons en \u0153uvre des mesures techniques et organisationnelles pour prot\u00e9ger vos donn\u00e9es contre tout acc\u00e8s non autoris\u00e9, perte ou divulgation.<\/p>\t\t\t\t\t\t\t\t<\/div>\n\t\t\t\t\t<\/div>\n\t\t\t\t<\/div>\n\t\t\t\t<\/div>","protected":false},"excerpt":{"rendered":"<p>Consulte la pol\u00edtica de privacidad para saber c\u00f3mo recogemos, utilizamos y protegemos sus datos personales.<\/p>","protected":false},"author":2,"featured_media":38,"parent":0,"menu_order":0,"comment_status":"closed","ping_status":"closed","template":"","meta":{"footnotes":""},"class_list":["post-508","page","type-page","status-publish","has-post-thumbnail","hentry"],"yoast_head":"<!-- This site is optimized with the Yoast SEO plugin v27.3 - https:\/\/yoast.com\/product\/yoast-seo-wordpress\/ -->\n<title>\u00c0 LA TABLE DU JAPON : Politique de confidentialit\u00e9<\/title>\n<meta name=\"description\" content=\"Consultez la politique de confidentialit\u00e9 pour comprendre comment nous collectons, utilisons et prot\u00e9geons vos donn\u00e9es personnelles.\" \/>\n<meta name=\"robots\" content=\"index, follow, max-snippet:-1, max-image-preview:large, max-video-preview:-1\" \/>\n<link rel=\"canonical\" href=\"https:\/\/alatabledujapon.com\/es\/politique-confidentitalite\/\" \/>\n<meta property=\"og:locale\" content=\"es_ES\" \/>\n<meta property=\"og:type\" content=\"article\" \/>\n<meta property=\"og:title\" content=\"\u00c0 LA TABLE DU JAPON : Politique de confidentialit\u00e9\" \/>\n<meta property=\"og:description\" content=\"Consultez la politique de confidentialit\u00e9 pour comprendre comment nous collectons, utilisons et prot\u00e9geons vos donn\u00e9es personnelles.\" \/>\n<meta property=\"og:url\" content=\"https:\/\/alatabledujapon.com\/es\/politique-confidentitalite\/\" \/>\n<meta property=\"og:site_name\" content=\"\u00c0 la Table du Japon\" \/>\n<meta property=\"article:modified_time\" content=\"2025-12-16T13:55:15+00:00\" \/>\n<meta property=\"og:image\" content=\"https:\/\/alatabledujapon.com\/wp-content\/uploads\/2025\/08\/photo-fond-brochure-scaled.jpg\" \/>\n\t<meta property=\"og:image:width\" content=\"2560\" \/>\n\t<meta property=\"og:image:height\" content=\"1810\" \/>\n\t<meta property=\"og:image:type\" content=\"image\/jpeg\" \/>\n<meta name=\"twitter:card\" content=\"summary_large_image\" \/>\n<meta name=\"twitter:label1\" content=\"Tiempo de lectura\" \/>\n\t<meta name=\"twitter:data1\" content=\"3 minutos\" \/>\n<script type=\"application\/ld+json\" class=\"yoast-schema-graph\">{\"@context\":\"https:\\\/\\\/schema.org\",\"@graph\":[{\"@type\":\"WebPage\",\"@id\":\"https:\\\/\\\/alatabledujapon.com\\\/politique-confidentitalite\\\/\",\"url\":\"https:\\\/\\\/alatabledujapon.com\\\/politique-confidentitalite\\\/\",\"name\":\"\u00c0 LA TABLE DU JAPON : Politique de confidentialit\u00e9\",\"isPartOf\":{\"@id\":\"https:\\\/\\\/alatabledujapon.com\\\/#website\"},\"primaryImageOfPage\":{\"@id\":\"https:\\\/\\\/alatabledujapon.com\\\/politique-confidentitalite\\\/#primaryimage\"},\"image\":{\"@id\":\"https:\\\/\\\/alatabledujapon.com\\\/politique-confidentitalite\\\/#primaryimage\"},\"thumbnailUrl\":\"https:\\\/\\\/alatabledujapon.com\\\/wp-content\\\/uploads\\\/2025\\\/08\\\/photo-fond-brochure-scaled.jpg\",\"datePublished\":\"2025-12-16T12:31:18+00:00\",\"dateModified\":\"2025-12-16T13:55:15+00:00\",\"description\":\"Consultez la politique de confidentialit\u00e9 pour comprendre comment nous collectons, utilisons et prot\u00e9geons vos donn\u00e9es personnelles.\",\"breadcrumb\":{\"@id\":\"https:\\\/\\\/alatabledujapon.com\\\/politique-confidentitalite\\\/#breadcrumb\"},\"inLanguage\":\"es\",\"potentialAction\":[{\"@type\":\"ReadAction\",\"target\":[\"https:\\\/\\\/alatabledujapon.com\\\/politique-confidentitalite\\\/\"]}]},{\"@type\":\"ImageObject\",\"inLanguage\":\"es\",\"@id\":\"https:\\\/\\\/alatabledujapon.com\\\/politique-confidentitalite\\\/#primaryimage\",\"url\":\"https:\\\/\\\/alatabledujapon.com\\\/wp-content\\\/uploads\\\/2025\\\/08\\\/photo-fond-brochure-scaled.jpg\",\"contentUrl\":\"https:\\\/\\\/alatabledujapon.com\\\/wp-content\\\/uploads\\\/2025\\\/08\\\/photo-fond-brochure-scaled.jpg\",\"width\":2560,\"height\":1810,\"caption\":\"Photo fond page maintenance\"},{\"@type\":\"BreadcrumbList\",\"@id\":\"https:\\\/\\\/alatabledujapon.com\\\/politique-confidentitalite\\\/#breadcrumb\",\"itemListElement\":[{\"@type\":\"ListItem\",\"position\":1,\"name\":\"Accueil\",\"item\":\"https:\\\/\\\/alatabledujapon.com\\\/\"},{\"@type\":\"ListItem\",\"position\":2,\"name\":\"POLITIQUE DE CONFIDENTIALIT\u00c9\"}]},{\"@type\":\"WebSite\",\"@id\":\"https:\\\/\\\/alatabledujapon.com\\\/#website\",\"url\":\"https:\\\/\\\/alatabledujapon.com\\\/\",\"name\":\"\u00c0 la Table du Japon\",\"description\":\"\",\"publisher\":{\"@id\":\"https:\\\/\\\/alatabledujapon.com\\\/#organization\"},\"potentialAction\":[{\"@type\":\"SearchAction\",\"target\":{\"@type\":\"EntryPoint\",\"urlTemplate\":\"https:\\\/\\\/alatabledujapon.com\\\/?s={search_term_string}\"},\"query-input\":{\"@type\":\"PropertyValueSpecification\",\"valueRequired\":true,\"valueName\":\"search_term_string\"}}],\"inLanguage\":\"es\"},{\"@type\":\"Organization\",\"@id\":\"https:\\\/\\\/alatabledujapon.com\\\/#organization\",\"name\":\"\u00c0 la Table du Japon\",\"url\":\"https:\\\/\\\/alatabledujapon.com\\\/\",\"logo\":{\"@type\":\"ImageObject\",\"inLanguage\":\"es\",\"@id\":\"https:\\\/\\\/alatabledujapon.com\\\/#\\\/schema\\\/logo\\\/image\\\/\",\"url\":\"https:\\\/\\\/alatabledujapon.com\\\/wp-content\\\/uploads\\\/2025\\\/08\\\/logo-tabledujapon-home.png\",\"contentUrl\":\"https:\\\/\\\/alatabledujapon.com\\\/wp-content\\\/uploads\\\/2025\\\/08\\\/logo-tabledujapon-home.png\",\"width\":2069,\"height\":591,\"caption\":\"\u00c0 la Table du Japon\"},\"image\":{\"@id\":\"https:\\\/\\\/alatabledujapon.com\\\/#\\\/schema\\\/logo\\\/image\\\/\"}}]}<\/script>\n<!-- \/ Yoast SEO plugin. -->","yoast_head_json":{"title":"\u00c0 LA TABLE DU JAPON : Politique de confidentialit\u00e9","description":"Consulte la pol\u00edtica de privacidad para saber c\u00f3mo recogemos, utilizamos y protegemos sus datos personales.","robots":{"index":"index","follow":"follow","max-snippet":"max-snippet:-1","max-image-preview":"max-image-preview:large","max-video-preview":"max-video-preview:-1"},"canonical":"https:\/\/alatabledujapon.com\/es\/politique-confidentitalite\/","og_locale":"es_ES","og_type":"article","og_title":"\u00c0 LA TABLE DU JAPON : Politique de confidentialit\u00e9","og_description":"Consultez la politique de confidentialit\u00e9 pour comprendre comment nous collectons, utilisons et prot\u00e9geons vos donn\u00e9es personnelles.","og_url":"https:\/\/alatabledujapon.com\/es\/politique-confidentitalite\/","og_site_name":"\u00c0 la Table du Japon","article_modified_time":"2025-12-16T13:55:15+00:00","og_image":[{"width":2560,"height":1810,"url":"https:\/\/alatabledujapon.com\/wp-content\/uploads\/2025\/08\/photo-fond-brochure-scaled.jpg","type":"image\/jpeg"}],"twitter_card":"summary_large_image","twitter_misc":{"Tiempo de lectura":"3 minutos"},"schema":{"@context":"https:\/\/schema.org","@graph":[{"@type":"WebPage","@id":"https:\/\/alatabledujapon.com\/politique-confidentitalite\/","url":"https:\/\/alatabledujapon.com\/politique-confidentitalite\/","name":"\u00c0 LA TABLE DU JAPON : Politique de confidentialit\u00e9","isPartOf":{"@id":"https:\/\/alatabledujapon.com\/#website"},"primaryImageOfPage":{"@id":"https:\/\/alatabledujapon.com\/politique-confidentitalite\/#primaryimage"},"image":{"@id":"https:\/\/alatabledujapon.com\/politique-confidentitalite\/#primaryimage"},"thumbnailUrl":"https:\/\/alatabledujapon.com\/wp-content\/uploads\/2025\/08\/photo-fond-brochure-scaled.jpg","datePublished":"2025-12-16T12:31:18+00:00","dateModified":"2025-12-16T13:55:15+00:00","description":"Consulte la pol\u00edtica de privacidad para saber c\u00f3mo recogemos, utilizamos y protegemos sus datos personales.","breadcrumb":{"@id":"https:\/\/alatabledujapon.com\/politique-confidentitalite\/#breadcrumb"},"inLanguage":"es","potentialAction":[{"@type":"ReadAction","target":["https:\/\/alatabledujapon.com\/politique-confidentitalite\/"]}]},{"@type":"ImageObject","inLanguage":"es","@id":"https:\/\/alatabledujapon.com\/politique-confidentitalite\/#primaryimage","url":"https:\/\/alatabledujapon.com\/wp-content\/uploads\/2025\/08\/photo-fond-brochure-scaled.jpg","contentUrl":"https:\/\/alatabledujapon.com\/wp-content\/uploads\/2025\/08\/photo-fond-brochure-scaled.jpg","width":2560,"height":1810,"caption":"Photo fond page maintenance"},{"@type":"BreadcrumbList","@id":"https:\/\/alatabledujapon.com\/politique-confidentitalite\/#breadcrumb","itemListElement":[{"@type":"ListItem","position":1,"name":"Accueil","item":"https:\/\/alatabledujapon.com\/"},{"@type":"ListItem","position":2,"name":"POLITIQUE DE CONFIDENTIALIT\u00c9"}]},{"@type":"WebSite","@id":"https:\/\/alatabledujapon.com\/#website","url":"https:\/\/alatabledujapon.com\/","name":"\u00c0 la Table du Japon","description":"","publisher":{"@id":"https:\/\/alatabledujapon.com\/#organization"},"potentialAction":[{"@type":"SearchAction","target":{"@type":"EntryPoint","urlTemplate":"https:\/\/alatabledujapon.com\/?s={search_term_string}"},"query-input":{"@type":"PropertyValueSpecification","valueRequired":true,"valueName":"search_term_string"}}],"inLanguage":"es"},{"@type":"Organization","@id":"https:\/\/alatabledujapon.com\/#organization","name":"\u00c0 la Table du Japon","url":"https:\/\/alatabledujapon.com\/","logo":{"@type":"ImageObject","inLanguage":"es","@id":"https:\/\/alatabledujapon.com\/#\/schema\/logo\/image\/","url":"https:\/\/alatabledujapon.com\/wp-content\/uploads\/2025\/08\/logo-tabledujapon-home.png","contentUrl":"https:\/\/alatabledujapon.com\/wp-content\/uploads\/2025\/08\/logo-tabledujapon-home.png","width":2069,"height":591,"caption":"\u00c0 la Table du Japon"},"image":{"@id":"https:\/\/alatabledujapon.com\/#\/schema\/logo\/image\/"}}]}},"_links":{"self":[{"href":"https:\/\/alatabledujapon.com\/es\/wp-json\/wp\/v2\/pages\/508","targetHints":{"allow":["GET"]}}],"collection":[{"href":"https:\/\/alatabledujapon.com\/es\/wp-json\/wp\/v2\/pages"}],"about":[{"href":"https:\/\/alatabledujapon.com\/es\/wp-json\/wp\/v2\/types\/page"}],"author":[{"embeddable":true,"href":"https:\/\/alatabledujapon.com\/es\/wp-json\/wp\/v2\/users\/2"}],"replies":[{"embeddable":true,"href":"https:\/\/alatabledujapon.com\/es\/wp-json\/wp\/v2\/comments?post=508"}],"version-history":[{"count":4,"href":"https:\/\/alatabledujapon.com\/es\/wp-json\/wp\/v2\/pages\/508\/revisions"}],"predecessor-version":[{"id":512,"href":"https:\/\/alatabledujapon.com\/es\/wp-json\/wp\/v2\/pages\/508\/revisions\/512"}],"wp:featuredmedia":[{"embeddable":true,"href":"https:\/\/alatabledujapon.com\/es\/wp-json\/wp\/v2\/media\/38"}],"wp:attachment":[{"href":"https:\/\/alatabledujapon.com\/es\/wp-json\/wp\/v2\/media?parent=508"}],"curies":[{"name":"wp","href":"https:\/\/api.w.org\/{rel}","templated":true}]}}